{"id":19,"date":"2023-07-01T03:54:05","date_gmt":"2023-07-01T03:54:05","guid":{"rendered":"http:\/\/source.wpopal.com\/flasaphic\/?page_id=19"},"modified":"2026-03-30T17:59:51","modified_gmt":"2026-03-30T15:59:51","slug":"a-propos","status":"publish","type":"page","link":"https:\/\/lafeevapeur.com\/index.php\/a-propos\/","title":{"rendered":"A propos"},"content":{"rendered":"\t\t<div data-elementor-type=\"wp-page\" data-elementor-id=\"19\" class=\"elementor elementor-19\">\n\t\t\t\t<div class=\"elementor-element elementor-element-e09c833 e-flex e-con-boxed e-con e-parent\" data-id=\"e09c833\" data-element_type=\"container\">\n\t\t\t\t\t<div class=\"e-con-inner\">\n\t\t<div class=\"elementor-element elementor-element-712cce8 e-flex e-con-boxed e-con e-child\" data-id=\"712cce8\" data-element_type=\"container\" data-settings=\"{&quot;background_background&quot;:&quot;gradient&quot;}\">\n\t\t\t\t\t<div class=\"e-con-inner\">\n\t\t<div class=\"elementor-element elementor-element-bc47835 e-con-full e-flex e-con e-child\" data-id=\"bc47835\" data-element_type=\"container\" data-settings=\"{&quot;background_background&quot;:&quot;classic&quot;}\">\n\t\t\t\t<div class=\"elementor-element elementor-element-1325d45 subtitle-position-above elementor-align-left elementor-widget__width-initial elementor-mobile-align-center elementor-widget elementor-widget-flasaphic-heading\" data-id=\"1325d45\" data-element_type=\"widget\" data-widget_type=\"flasaphic-heading.default\">\n\t\t\t\t<div class=\"elementor-widget-container\">\n\t\t\t<div class=\"elementor-heading-wrapper-inner\"><h2 class=\"elementor-heading-title elementor-size-default\">L\u2019aide \u00e0 la personne r\u00e9invent\u00e9e avec La F\u00e9e Vapeur<\/h2><div class=\"elementor-sub-title\">A propos<\/div><\/div>\t\t<\/div>\n\t\t\t\t<\/div>\n\t\t\t\t<div class=\"elementor-element elementor-element-cec2aca elementor-widget elementor-widget-text-editor\" data-id=\"cec2aca\" data-element_type=\"widget\" data-widget_type=\"text-editor.default\">\n\t\t\t\t<div class=\"elementor-widget-container\">\n\t\t\t<style>\/*! elementor - v3.21.0 - 26-05-2024 *\/\n.elementor-widget-text-editor.elementor-drop-cap-view-stacked .elementor-drop-cap{background-color:#69727d;color:#fff}.elementor-widget-text-editor.elementor-drop-cap-view-framed .elementor-drop-cap{color:#69727d;border:3px solid;background-color:transparent}.elementor-widget-text-editor:not(.elementor-drop-cap-view-default) .elementor-drop-cap{margin-top:8px}.elementor-widget-text-editor:not(.elementor-drop-cap-view-default) .elementor-drop-cap-letter{width:1em;height:1em}.elementor-widget-text-editor .elementor-drop-cap{float:left;text-align:center;line-height:1;font-size:50px}.elementor-widget-text-editor .elementor-drop-cap-letter{display:inline-block}<\/style>\t\t\t\t<h5>L\u2019aide \u00e0 la personne au c\u0153ur de notre engagement<\/h5><p>Je suis Cathy Massing, fondatrice de La F\u00e9e Vapeur, une entreprise d\u00e9di\u00e9e \u00e0 l\u2019aide \u00e0 domicile et au bien-\u00eatre des personnes fragiles. Forte d\u2019une exp\u00e9rience de 15 ans en EHPAD, j\u2019ai constat\u00e9 que l\u2019entretien du domicile devenait une charge pour les personnes \u00e2g\u00e9es, d\u00e9pendantes ou en convalescence, ainsi que pour leurs proches. Pourtant, un cadre de vie propre et sain est essentiel pour la sant\u00e9, le confort et la s\u00e9r\u00e9nit\u00e9.<\/p><h5>Une solution efficace et naturelle : le nettoyage \u00e0 la vapeur<\/h5><p>Contrairement aux produits d\u2019entretien classiques, la vapeur \u00e9limine 99,9 % des bact\u00e9ries, acariens et allerg\u00e8nes sans produits chimiques. Cette m\u00e9thode est id\u00e9ale pour les personnes sensibles, asthmatiques ou allergiques, offrant une hygi\u00e8ne irr\u00e9prochable et un environnement plus sain.<\/p><h5>Un accompagnement pour un quotidien plus l\u00e9ger<\/h5><p>La F\u00e9e Vapeur ne se limite pas au m\u00e9nage : nous soulageons les personnes en perte d\u2019autonomie et leurs familles en prenant soin de leur int\u00e9rieur avec bienveillance et professionnalisme. Gr\u00e2ce \u00e0 un service adapt\u00e9 et humain, nous permettons \u00e0 chacun de vivre dans un espace propre et apaisant, sans contrainte.<\/p><p>Vivez mieux, respirez mieux, en toute tranquillit\u00e9 avec La F\u00e9e Vapeur.<\/p>\t\t\t\t\t\t<\/div>\n\t\t\t\t<\/div>\n\t\t\t\t<div class=\"elementor-element elementor-element-74ac8f4 elementor-widget__width-initial elementor-hidden-desktop elementor-hidden-laptop elementor-hidden-tablet_extra elementor-hidden-tablet elementor-hidden-mobile_extra elementor-hidden-mobile elementor-widget elementor-widget-text-editor\" data-id=\"74ac8f4\" data-element_type=\"widget\" data-widget_type=\"text-editor.default\">\n\t\t\t\t<div class=\"elementor-widget-container\">\n\t\t\t\t\t\t\t<p>Aspirer les acariens d\u2019un matelas dont vous ne souhaitez pas encore vous s\u00e9parer, avoir recours \u00e0 un produit agressif pour enlever des taches sur votre tout nouveau canap\u00e9, attendre des jours que le tapis que vous avez nettoy\u00e9 \u00e0 grande eau soit sec, brosser un lino jusqu\u2019\u00e0 l\u2019\u00e9puisement pour un r\u00e9sultat m\u00e9diocre, frotter vos peintes, cadres de portes ou de fen\u00eatres avec une brosse \u00e0 dent et de la chimie, penser devoir vous s\u00e9parer d\u2019un matelas, d\u2019un canap\u00e9, d\u2019un fauteuil ou d\u2019une chaise ador\u00e9e parce qu&rsquo;ils ne sont plus de premi\u00e8re jeunesse, tout cela en \u00e9ternuant ou en se frottant les yeux\u2026 vous connaissez ?<\/p><p>La F\u00e9e Vapeur vous propose un traitement bien plus doux, \u00e9cologique et efficace : le nettoyage en profondeur \u00e0 la vapeur s\u00e8che. Chauff\u00e9e \u00e0 haute temp\u00e9rature, ses microgouttes d\u2019eau p\u00e9n\u00e8tre dans les profondeurs des tissus des tapis, des mousses des canap\u00e9s, des fibres des matelas, le garnissage de vos couettes, oreillers, coussins, des sommiers capitonn\u00e9s avant d\u2019\u00eatre aspir\u00e9es sans les endommager. La vapeur s\u00e8che d\u00e9colle ainsi toutes les poussi\u00e8res et les acariens gr\u00e2ce \u00e0 un nettoyeur injecteur\/extracteur professionnel haute performance utilis\u00e9 selon un protocole d\u2019intervention rigoureux.<\/p><p><!-- notionvc: d068dc4c-cf5c-4659-a7fc-e049d63b7cb6 --><\/p><p>R\u00e9sultat : vos supports sont d\u00e9sodoris\u00e9s, lib\u00e9r\u00e9s des allerg\u00e8nes et en plus, vous prolongez leur dur\u00e9e d\u2019utilisation ! Il n\u2019y pas de meilleur m\u00e9thode pour assainir une habitation !<\/p>\t\t\t\t\t\t<\/div>\n\t\t\t\t<\/div>\n\t\t\t\t<\/div>\n\t\t<div class=\"elementor-element elementor-element-394eef4 e-flex e-con-boxed e-con e-child\" data-id=\"394eef4\" data-element_type=\"container\">\n\t\t\t\t\t<div class=\"e-con-inner\">\n\t\t\t\t<div class=\"elementor-element elementor-element-4c8b696 elementor-widget elementor-widget-image\" data-id=\"4c8b696\" data-element_type=\"widget\" data-widget_type=\"image.default\">\n\t\t\t\t<div class=\"elementor-widget-container\">\n\t\t\t<style>\/*! elementor - v3.21.0 - 26-05-2024 *\/\n.elementor-widget-image{text-align:center}.elementor-widget-image a{display:inline-block}.elementor-widget-image a img[src$=\".svg\"]{width:48px}.elementor-widget-image img{vertical-align:middle;display:inline-block}<\/style>\t\t\t\t\t\t\t\t\t\t<img fetchpriority=\"high\" decoding=\"async\" width=\"1200\" height=\"1800\" src=\"https:\/\/lafeevapeur.com\/wp-content\/uploads\/2024\/02\/photo_PRO_1.jpg\" class=\"attachment-full size-full wp-image-3483\" alt=\"\" srcset=\"https:\/\/lafeevapeur.com\/wp-content\/uploads\/2024\/02\/photo_PRO_1.jpg 1200w, https:\/\/lafeevapeur.com\/wp-content\/uploads\/2024\/02\/photo_PRO_1-200x300.jpg 200w, https:\/\/lafeevapeur.com\/wp-content\/uploads\/2024\/02\/photo_PRO_1-683x1024.jpg 683w, https:\/\/lafeevapeur.com\/wp-content\/uploads\/2024\/02\/photo_PRO_1-768x1152.jpg 768w, https:\/\/lafeevapeur.com\/wp-content\/uploads\/2024\/02\/photo_PRO_1-1024x1536.jpg 1024w\" sizes=\"(max-width: 1200px) 100vw, 1200px\" \/>\t\t\t\t\t\t\t\t\t\t\t\t\t<\/div>\n\t\t\t\t<\/div>\n\t\t\t\t<div class=\"elementor-element elementor-element-10e7b72 elementor-align-center elementor-button-default elementor-widget elementor-widget-button\" data-id=\"10e7b72\" data-element_type=\"widget\" data-widget_type=\"button.default\">\n\t\t\t\t<div class=\"elementor-widget-container\">\n\t\t\t\t\t<div class=\"elementor-button-wrapper\">\n\t\t\t<a class=\"elementor-button elementor-button-link elementor-size-sm\" href=\"https:\/\/lafeevapeur.com\/index.php\/contact\/\">\n\t\t\t\t\t\t<span class=\"elementor-button-content-wrapper\">\n\t\t\t\t\t\t\t\t\t<span class=\"elementor-button-text\">Je prends rendez-vous avec La F\u00e9e Vapeur<\/span>\n\t\t\t\t\t<\/span>\n\t\t\t\t\t<\/a>\n\t\t<\/div>\n\t\t\t\t<\/div>\n\t\t\t\t<\/div>\n\t\t\t\t\t<\/div>\n\t\t\t\t<\/div>\n\t\t\t\t\t<\/div>\n\t\t\t\t<\/div>\n\t\t\t\t\t<\/div>\n\t\t\t\t<\/div>\n\t\t\t\t<\/div>\n\t\t","protected":false},"excerpt":{"rendered":"<p>L\u2019aide \u00e0 la personne r\u00e9invent\u00e9e avec La F\u00e9e Vapeur A propos L\u2019aide \u00e0 la personne au c\u0153ur de notre engagement Je suis Cathy Massing, fondatrice de La F\u00e9e Vapeur, une entreprise d\u00e9di\u00e9e \u00e0 l\u2019aide \u00e0 domicile et au bien-\u00eatre des personnes fragiles. Forte d\u2019une exp\u00e9rience de 15 ans en EHPAD, j\u2019ai constat\u00e9 que l\u2019entretien du [&hellip;]<\/p>\n","protected":false},"author":1,"featured_media":0,"parent":0,"menu_order":0,"comment_status":"closed","ping_status":"closed","template":"","meta":{"inline_featured_image":false,"footnotes":""},"class_list":["post-19","page","type-page","status-publish","hentry"],"yoast_head":"<!-- This site is optimized with the Yoast SEO plugin v27.2 - https:\/\/yoast.com\/product\/yoast-seo-wordpress\/ -->\n<title>A propos - La F\u00e9e Vapeur<\/title>\n<meta name=\"robots\" content=\"index, follow, max-snippet:-1, max-image-preview:large, max-video-preview:-1\" \/>\n<link rel=\"canonical\" href=\"https:\/\/lafeevapeur.com\/index.php\/a-propos\/\" \/>\n<meta property=\"og:locale\" content=\"fr_FR\" \/>\n<meta property=\"og:type\" content=\"article\" \/>\n<meta property=\"og:title\" content=\"A propos - La F\u00e9e Vapeur\" \/>\n<meta property=\"og:description\" content=\"L\u2019aide \u00e0 la personne r\u00e9invent\u00e9e avec La F\u00e9e Vapeur A propos L\u2019aide \u00e0 la personne au c\u0153ur de notre engagement Je suis Cathy Massing, fondatrice de La F\u00e9e Vapeur, une entreprise d\u00e9di\u00e9e \u00e0 l\u2019aide \u00e0 domicile et au bien-\u00eatre des personnes fragiles. Forte d\u2019une exp\u00e9rience de 15 ans en EHPAD, j\u2019ai constat\u00e9 que l\u2019entretien du [&hellip;]\" \/>\n<meta property=\"og:url\" content=\"https:\/\/lafeevapeur.com\/index.php\/a-propos\/\" \/>\n<meta property=\"og:site_name\" content=\"La F\u00e9e Vapeur\" \/>\n<meta property=\"article:modified_time\" content=\"2026-03-30T15:59:51+00:00\" \/>\n<meta property=\"og:image\" content=\"https:\/\/lafeevapeur.com\/wp-content\/uploads\/2024\/02\/photo_PRO_1.jpg\" \/>\n\t<meta property=\"og:image:width\" content=\"1200\" \/>\n\t<meta property=\"og:image:height\" content=\"1800\" \/>\n\t<meta property=\"og:image:type\" content=\"image\/jpeg\" \/>\n<meta name=\"twitter:card\" content=\"summary_large_image\" \/>\n<meta name=\"twitter:label1\" content=\"Dur\u00e9e de lecture estim\u00e9e\" \/>\n\t<meta name=\"twitter:data1\" content=\"3 minutes\" \/>\n<script type=\"application\/ld+json\" class=\"yoast-schema-graph\">{\"@context\":\"https:\/\/schema.org\",\"@graph\":[{\"@type\":\"WebPage\",\"@id\":\"https:\/\/lafeevapeur.com\/index.php\/a-propos\/\",\"url\":\"https:\/\/lafeevapeur.com\/index.php\/a-propos\/\",\"name\":\"A propos - La F\u00e9e Vapeur\",\"isPartOf\":{\"@id\":\"https:\/\/lafeevapeur.com\/#website\"},\"primaryImageOfPage\":{\"@id\":\"https:\/\/lafeevapeur.com\/index.php\/a-propos\/#primaryimage\"},\"image\":{\"@id\":\"https:\/\/lafeevapeur.com\/index.php\/a-propos\/#primaryimage\"},\"thumbnailUrl\":\"https:\/\/lafeevapeur.com\/wp-content\/uploads\/2024\/02\/photo_PRO_1.jpg\",\"datePublished\":\"2023-07-01T03:54:05+00:00\",\"dateModified\":\"2026-03-30T15:59:51+00:00\",\"breadcrumb\":{\"@id\":\"https:\/\/lafeevapeur.com\/index.php\/a-propos\/#breadcrumb\"},\"inLanguage\":\"fr-FR\",\"potentialAction\":[{\"@type\":\"ReadAction\",\"target\":[\"https:\/\/lafeevapeur.com\/index.php\/a-propos\/\"]}]},{\"@type\":\"ImageObject\",\"inLanguage\":\"fr-FR\",\"@id\":\"https:\/\/lafeevapeur.com\/index.php\/a-propos\/#primaryimage\",\"url\":\"https:\/\/lafeevapeur.com\/wp-content\/uploads\/2024\/02\/photo_PRO_1.jpg\",\"contentUrl\":\"https:\/\/lafeevapeur.com\/wp-content\/uploads\/2024\/02\/photo_PRO_1.jpg\",\"width\":1200,\"height\":1800},{\"@type\":\"BreadcrumbList\",\"@id\":\"https:\/\/lafeevapeur.com\/index.php\/a-propos\/#breadcrumb\",\"itemListElement\":[{\"@type\":\"ListItem\",\"position\":1,\"name\":\"Accueil\",\"item\":\"https:\/\/lafeevapeur.com\/\"},{\"@type\":\"ListItem\",\"position\":2,\"name\":\"A propos\"}]},{\"@type\":\"WebSite\",\"@id\":\"https:\/\/lafeevapeur.com\/#website\",\"url\":\"https:\/\/lafeevapeur.com\/\",\"name\":\"La F\u00e9e Vapeur\",\"description\":\"La Fee Vapeur | Aide \u00e0 la personne &amp; nettoyage vapeur\",\"publisher\":{\"@id\":\"https:\/\/lafeevapeur.com\/#organization\"},\"potentialAction\":[{\"@type\":\"SearchAction\",\"target\":{\"@type\":\"EntryPoint\",\"urlTemplate\":\"https:\/\/lafeevapeur.com\/?s={search_term_string}\"},\"query-input\":{\"@type\":\"PropertyValueSpecification\",\"valueRequired\":true,\"valueName\":\"search_term_string\"}}],\"inLanguage\":\"fr-FR\"},{\"@type\":\"Organization\",\"@id\":\"https:\/\/lafeevapeur.com\/#organization\",\"name\":\"La F\u00e9e Vapeur\",\"url\":\"https:\/\/lafeevapeur.com\/\",\"logo\":{\"@type\":\"ImageObject\",\"inLanguage\":\"fr-FR\",\"@id\":\"https:\/\/lafeevapeur.com\/#\/schema\/logo\/image\/\",\"url\":\"https:\/\/lafeevapeur.com\/wp-content\/uploads\/2024\/04\/La-Fee-Vapeur-500-500.jpg\",\"contentUrl\":\"https:\/\/lafeevapeur.com\/wp-content\/uploads\/2024\/04\/La-Fee-Vapeur-500-500.jpg\",\"width\":500,\"height\":500,\"caption\":\"La F\u00e9e Vapeur\"},\"image\":{\"@id\":\"https:\/\/lafeevapeur.com\/#\/schema\/logo\/image\/\"}}]}<\/script>\n<!-- \/ Yoast SEO plugin. -->","yoast_head_json":{"title":"A propos - La F\u00e9e Vapeur","robots":{"index":"index","follow":"follow","max-snippet":"max-snippet:-1","max-image-preview":"max-image-preview:large","max-video-preview":"max-video-preview:-1"},"canonical":"https:\/\/lafeevapeur.com\/index.php\/a-propos\/","og_locale":"fr_FR","og_type":"article","og_title":"A propos - La F\u00e9e Vapeur","og_description":"L\u2019aide \u00e0 la personne r\u00e9invent\u00e9e avec La F\u00e9e Vapeur A propos L\u2019aide \u00e0 la personne au c\u0153ur de notre engagement Je suis Cathy Massing, fondatrice de La F\u00e9e Vapeur, une entreprise d\u00e9di\u00e9e \u00e0 l\u2019aide \u00e0 domicile et au bien-\u00eatre des personnes fragiles. Forte d\u2019une exp\u00e9rience de 15 ans en EHPAD, j\u2019ai constat\u00e9 que l\u2019entretien du [&hellip;]","og_url":"https:\/\/lafeevapeur.com\/index.php\/a-propos\/","og_site_name":"La F\u00e9e Vapeur","article_modified_time":"2026-03-30T15:59:51+00:00","og_image":[{"width":1200,"height":1800,"url":"https:\/\/lafeevapeur.com\/wp-content\/uploads\/2024\/02\/photo_PRO_1.jpg","type":"image\/jpeg"}],"twitter_card":"summary_large_image","twitter_misc":{"Dur\u00e9e de lecture estim\u00e9e":"3 minutes"},"schema":{"@context":"https:\/\/schema.org","@graph":[{"@type":"WebPage","@id":"https:\/\/lafeevapeur.com\/index.php\/a-propos\/","url":"https:\/\/lafeevapeur.com\/index.php\/a-propos\/","name":"A propos - La F\u00e9e Vapeur","isPartOf":{"@id":"https:\/\/lafeevapeur.com\/#website"},"primaryImageOfPage":{"@id":"https:\/\/lafeevapeur.com\/index.php\/a-propos\/#primaryimage"},"image":{"@id":"https:\/\/lafeevapeur.com\/index.php\/a-propos\/#primaryimage"},"thumbnailUrl":"https:\/\/lafeevapeur.com\/wp-content\/uploads\/2024\/02\/photo_PRO_1.jpg","datePublished":"2023-07-01T03:54:05+00:00","dateModified":"2026-03-30T15:59:51+00:00","breadcrumb":{"@id":"https:\/\/lafeevapeur.com\/index.php\/a-propos\/#breadcrumb"},"inLanguage":"fr-FR","potentialAction":[{"@type":"ReadAction","target":["https:\/\/lafeevapeur.com\/index.php\/a-propos\/"]}]},{"@type":"ImageObject","inLanguage":"fr-FR","@id":"https:\/\/lafeevapeur.com\/index.php\/a-propos\/#primaryimage","url":"https:\/\/lafeevapeur.com\/wp-content\/uploads\/2024\/02\/photo_PRO_1.jpg","contentUrl":"https:\/\/lafeevapeur.com\/wp-content\/uploads\/2024\/02\/photo_PRO_1.jpg","width":1200,"height":1800},{"@type":"BreadcrumbList","@id":"https:\/\/lafeevapeur.com\/index.php\/a-propos\/#breadcrumb","itemListElement":[{"@type":"ListItem","position":1,"name":"Accueil","item":"https:\/\/lafeevapeur.com\/"},{"@type":"ListItem","position":2,"name":"A propos"}]},{"@type":"WebSite","@id":"https:\/\/lafeevapeur.com\/#website","url":"https:\/\/lafeevapeur.com\/","name":"La F\u00e9e Vapeur","description":"La Fee Vapeur | Aide \u00e0 la personne &amp; nettoyage vapeur","publisher":{"@id":"https:\/\/lafeevapeur.com\/#organization"},"potentialAction":[{"@type":"SearchAction","target":{"@type":"EntryPoint","urlTemplate":"https:\/\/lafeevapeur.com\/?s={search_term_string}"},"query-input":{"@type":"PropertyValueSpecification","valueRequired":true,"valueName":"search_term_string"}}],"inLanguage":"fr-FR"},{"@type":"Organization","@id":"https:\/\/lafeevapeur.com\/#organization","name":"La F\u00e9e Vapeur","url":"https:\/\/lafeevapeur.com\/","logo":{"@type":"ImageObject","inLanguage":"fr-FR","@id":"https:\/\/lafeevapeur.com\/#\/schema\/logo\/image\/","url":"https:\/\/lafeevapeur.com\/wp-content\/uploads\/2024\/04\/La-Fee-Vapeur-500-500.jpg","contentUrl":"https:\/\/lafeevapeur.com\/wp-content\/uploads\/2024\/04\/La-Fee-Vapeur-500-500.jpg","width":500,"height":500,"caption":"La F\u00e9e Vapeur"},"image":{"@id":"https:\/\/lafeevapeur.com\/#\/schema\/logo\/image\/"}}]}},"_links":{"self":[{"href":"https:\/\/lafeevapeur.com\/index.php\/wp-json\/wp\/v2\/pages\/19","targetHints":{"allow":["GET"]}}],"collection":[{"href":"https:\/\/lafeevapeur.com\/index.php\/wp-json\/wp\/v2\/pages"}],"about":[{"href":"https:\/\/lafeevapeur.com\/index.php\/wp-json\/wp\/v2\/types\/page"}],"author":[{"embeddable":true,"href":"https:\/\/lafeevapeur.com\/index.php\/wp-json\/wp\/v2\/users\/1"}],"replies":[{"embeddable":true,"href":"https:\/\/lafeevapeur.com\/index.php\/wp-json\/wp\/v2\/comments?post=19"}],"version-history":[{"count":76,"href":"https:\/\/lafeevapeur.com\/index.php\/wp-json\/wp\/v2\/pages\/19\/revisions"}],"predecessor-version":[{"id":6166,"href":"https:\/\/lafeevapeur.com\/index.php\/wp-json\/wp\/v2\/pages\/19\/revisions\/6166"}],"wp:attachment":[{"href":"https:\/\/lafeevapeur.com\/index.php\/wp-json\/wp\/v2\/media?parent=19"}],"curies":[{"name":"wp","href":"https:\/\/api.w.org\/{rel}","templated":true}]}}