{"id":21,"date":"2024-02-23T17:54:16","date_gmt":"2024-02-23T16:54:16","guid":{"rendered":"http:\/\/source.wpopal.com\/flasaphic\/?page_id=21"},"modified":"2024-02-23T18:20:16","modified_gmt":"2024-02-23T17:20:16","slug":"contact","status":"publish","type":"page","link":"https:\/\/lafeevapeur.com\/index.php\/contact\/","title":{"rendered":"Contact"},"content":{"rendered":"\t\t<div data-elementor-type=\"wp-page\" data-elementor-id=\"21\" class=\"elementor elementor-21\">\n\t\t\t\t<div class=\"elementor-element elementor-element-a699afd e-flex e-con-boxed e-con e-parent\" data-id=\"a699afd\" data-element_type=\"container\">\n\t\t\t\t\t<div class=\"e-con-inner\">\n\t\t<div class=\"elementor-element elementor-element-b06880a e-flex e-con-boxed e-con e-child\" data-id=\"b06880a\" data-element_type=\"container\">\n\t\t\t\t\t<div class=\"e-con-inner\">\n\t\t\t\t<div class=\"elementor-element elementor-element-0d28113 subtitle-position-above elementor-align-center elementor-widget elementor-widget-flasaphic-heading\" data-id=\"0d28113\" data-element_type=\"widget\" data-widget_type=\"flasaphic-heading.default\">\n\t\t\t\t<div class=\"elementor-widget-container\">\n\t\t\t<div class=\"elementor-heading-wrapper-inner\"><h2 class=\"elementor-heading-title elementor-size-default\">La F\u00e9e Vapeur est toute \u00e0 votre \u00e9coute !<\/h2><div class=\"elementor-sub-title\">Location<\/div><\/div>\t\t<\/div>\n\t\t\t\t<\/div>\n\t\t\t\t\t<\/div>\n\t\t\t\t<\/div>\n\t\t<div class=\"elementor-element elementor-element-28e7b3a e-flex e-con-boxed e-con e-child\" data-id=\"28e7b3a\" data-element_type=\"container\">\n\t\t\t\t\t<div class=\"e-con-inner\">\n\t\t<div class=\"elementor-element elementor-element-6faa490 e-con-full e-flex e-con e-child\" data-id=\"6faa490\" data-element_type=\"container\">\n\t\t\t\t<div class=\"elementor-element elementor-element-2ffbd38 elementor-view-stacked elementor-icon-box-divider-horizontal-right elementor-shape-circle elementor-icon-box-divider-vertical-top elementor-position-top elementor-mobile-position-top elementor-widget elementor-widget-icon-box\" data-id=\"2ffbd38\" data-element_type=\"widget\" data-widget_type=\"icon-box.default\">\n\t\t\t\t<div class=\"elementor-widget-container\">\n\t\t\t<link rel=\"stylesheet\" href=\"https:\/\/lafeevapeur.com\/wp-content\/uploads\/elementor\/css\/custom-widget-icon-box.min.css?ver=1774916685\">    \t\t<div class=\"elementor-icon-box-wrapper\">\n    \t\t\t    \t\t\t<div class=\"elementor-icon-box-icon\">\n    \t\t\t\t<span class=\"elementor-icon elementor-animation-grow\" >\n    \t\t\t\t<i aria-hidden=\"true\" class=\"flasaphic-icon- flasaphic-icon-mobile1\"><\/i>\n\n\n\n    \t\t\t\t<\/span>\n\n    \t\t\t<\/div>\n    \t\t\t    \t\t\t<div class=\"elementor-icon-box-content\">\n    \t\t\t\t<h3 class=\"elementor-icon-box-title\">\n    \t\t\t\t\t<span  >\n    \t\t\t\t\t\tContact    \t\t\t\t\t<\/span>\n    \t\t\t\t<\/h3>\n    \t\t\t\t    \t\t\t\t\t<p class=\"elementor-icon-box-description\">\n    \t\t\t\t\t\tc.massing@lafeevapeur.com<br>\n+33 (0)6 6 19 92 67 99    \t\t\t\t\t<\/p>\n    \t\t\t\t    \t\t\t<\/div>\n\n    \t\t<\/div>\n    \t\t\t\t<\/div>\n\t\t\t\t<\/div>\n\t\t\t\t<\/div>\n\t\t<div class=\"elementor-element elementor-element-47c4db5 e-con-full e-flex e-con e-child\" data-id=\"47c4db5\" data-element_type=\"container\" data-settings=\"{&quot;background_background&quot;:&quot;classic&quot;}\">\n\t\t\t\t<div class=\"elementor-element elementor-element-7f9d3b3 elementor-view-stacked elementor-icon-box-divider-horizontal-right elementor-shape-circle elementor-icon-box-divider-vertical-top elementor-position-top elementor-mobile-position-top elementor-widget elementor-widget-icon-box\" data-id=\"7f9d3b3\" data-element_type=\"widget\" data-widget_type=\"icon-box.default\">\n\t\t\t\t<div class=\"elementor-widget-container\">\n\t\t\t    \t\t<div class=\"elementor-icon-box-wrapper\">\n    \t\t\t    \t\t\t<div class=\"elementor-icon-box-icon\">\n    \t\t\t\t<span class=\"elementor-icon elementor-animation-grow\" >\n    \t\t\t\t<i aria-hidden=\"true\" class=\"flasaphic-icon- flasaphic-icon-clock\"><\/i>\n\n\n\n    \t\t\t\t<\/span>\n\n    \t\t\t<\/div>\n    \t\t\t    \t\t\t<div class=\"elementor-icon-box-content\">\n    \t\t\t\t<h3 class=\"elementor-icon-box-title\">\n    \t\t\t\t\t<span  >\n    \t\t\t\t\t\tHoraires d'ouverture    \t\t\t\t\t<\/span>\n    \t\t\t\t<\/h3>\n    \t\t\t\t    \t\t\t\t\t<p class=\"elementor-icon-box-description\">\n    \t\t\t\t\t\tDu lundi au samedi, de 8h00 \u00e0 19h00.    \t\t\t\t\t<\/p>\n    \t\t\t\t    \t\t\t<\/div>\n\n    \t\t<\/div>\n    \t\t\t\t<\/div>\n\t\t\t\t<\/div>\n\t\t\t\t<\/div>\n\t\t<div class=\"elementor-element elementor-element-3ce64cb e-con-full e-flex e-con e-child\" data-id=\"3ce64cb\" data-element_type=\"container\">\n\t\t\t\t<div class=\"elementor-element elementor-element-8a9acbd elementor-view-stacked elementor-icon-box-divider-horizontal-right elementor-shape-circle elementor-icon-box-divider-vertical-top elementor-position-top elementor-mobile-position-top elementor-widget elementor-widget-icon-box\" data-id=\"8a9acbd\" data-element_type=\"widget\" data-widget_type=\"icon-box.default\">\n\t\t\t\t<div class=\"elementor-widget-container\">\n\t\t\t    \t\t<div class=\"elementor-icon-box-wrapper\">\n    \t\t\t    \t\t\t<div class=\"elementor-icon-box-icon\">\n    \t\t\t\t<span class=\"elementor-icon elementor-animation-grow\" >\n    \t\t\t\t<i aria-hidden=\"true\" class=\"flasaphic-icon- flasaphic-icon-location1\"><\/i>\n\n\n\n    \t\t\t\t<\/span>\n\n    \t\t\t<\/div>\n    \t\t\t    \t\t\t<div class=\"elementor-icon-box-content\">\n    \t\t\t\t<h3 class=\"elementor-icon-box-title\">\n    \t\t\t\t\t<span  >\n    \t\t\t\t\t\tBureaux    \t\t\t\t\t<\/span>\n    \t\t\t\t<\/h3>\n    \t\t\t\t    \t\t\t\t\t<p class=\"elementor-icon-box-description\">\n    \t\t\t\t\t\t35 rue des vignes <br>\n67380 Lingolsheim    \t\t\t\t\t<\/p>\n    \t\t\t\t    \t\t\t<\/div>\n\n    \t\t<\/div>\n    \t\t\t\t<\/div>\n\t\t\t\t<\/div>\n\t\t\t\t<\/div>\n\t\t\t\t\t<\/div>\n\t\t\t\t<\/div>\n\t\t\t\t\t<\/div>\n\t\t\t\t<\/div>\n\t\t<div class=\"elementor-element elementor-element-d295f61 e-con-full e-flex e-con e-parent\" data-id=\"d295f61\" data-element_type=\"container\">\n\t\t\t\t<div class=\"elementor-element elementor-element-7585301 elementor-widget elementor-widget-google_maps\" data-id=\"7585301\" data-element_type=\"widget\" data-widget_type=\"google_maps.default\">\n\t\t\t\t<div class=\"elementor-widget-container\">\n\t\t\t<style>\/*! elementor - v3.21.0 - 26-05-2024 *\/\n.elementor-widget-google_maps .elementor-widget-container{overflow:hidden}.elementor-widget-google_maps .elementor-custom-embed{line-height:0}.elementor-widget-google_maps iframe{height:300px}<\/style>\t\t<div class=\"elementor-custom-embed\">\n\t\t\t<iframe loading=\"lazy\"\n\t\t\t\t\tsrc=\"https:\/\/maps.google.com\/maps?q=35%20rue%20des%20Vignes%2067380%20Lingolsheim%20France&#038;t=m&#038;z=10&#038;output=embed&#038;iwloc=near\"\n\t\t\t\t\ttitle=\"35 rue des Vignes 67380 Lingolsheim France\"\n\t\t\t\t\taria-label=\"35 rue des Vignes 67380 Lingolsheim France\"\n\t\t\t><\/iframe>\n\t\t<\/div>\n\t\t\t\t<\/div>\n\t\t\t\t<\/div>\n\t\t<div class=\"elementor-element elementor-element-2be2e4e e-con-full e-flex e-con e-child\" data-id=\"2be2e4e\" data-element_type=\"container\" data-settings=\"{&quot;background_background&quot;:&quot;classic&quot;,&quot;position&quot;:&quot;absolute&quot;}\">\n\t\t\t\t<div class=\"elementor-element elementor-element-5ecd94e subtitle-position-above elementor-mobile_extra-align-center elementor-tablet-align-center elementor-widget elementor-widget-flasaphic-heading\" data-id=\"5ecd94e\" data-element_type=\"widget\" data-widget_type=\"flasaphic-heading.default\">\n\t\t\t\t<div class=\"elementor-widget-container\">\n\t\t\t<div class=\"elementor-heading-wrapper-inner\"><h2 class=\"elementor-heading-title elementor-size-default\">Nous \u00e9crire<\/h2><div class=\"elementor-sub-title\">Formulaire de contact<\/div><\/div>\t\t<\/div>\n\t\t\t\t<\/div>\n\t\t\t\t<\/div>\n\t\t\t\t<\/div>\n\t\t\t\t<\/div>\n\t\t","protected":false},"excerpt":{"rendered":"<p>La F\u00e9e Vapeur est toute \u00e0 votre \u00e9coute ! Location Contact c.massing@lafeevapeur.com +33 (0)6 6 19 92 67 99 Horaires d&rsquo;ouverture Du lundi au samedi, de 8h00 \u00e0 19h00. Bureaux 35 rue des vignes 67380 Lingolsheim Nous \u00e9crire Formulaire de contact Get in touch<\/p>\n","protected":false},"author":1,"featured_media":0,"parent":0,"menu_order":0,"comment_status":"closed","ping_status":"closed","template":"","meta":{"inline_featured_image":false,"footnotes":""},"class_list":["post-21","page","type-page","status-publish","hentry"],"yoast_head":"<!-- This site is optimized with the Yoast SEO plugin v27.2 - https:\/\/yoast.com\/product\/yoast-seo-wordpress\/ -->\n<title>Contact - La F\u00e9e Vapeur<\/title>\n<meta name=\"robots\" content=\"index, follow, max-snippet:-1, max-image-preview:large, max-video-preview:-1\" \/>\n<link rel=\"canonical\" href=\"https:\/\/lafeevapeur.com\/index.php\/contact\/\" \/>\n<meta property=\"og:locale\" content=\"fr_FR\" \/>\n<meta property=\"og:type\" content=\"article\" \/>\n<meta property=\"og:title\" content=\"Contact - La F\u00e9e Vapeur\" \/>\n<meta property=\"og:description\" content=\"La F\u00e9e Vapeur est toute \u00e0 votre \u00e9coute ! Location Contact c.massing@lafeevapeur.com +33 (0)6 6 19 92 67 99 Horaires d&rsquo;ouverture Du lundi au samedi, de 8h00 \u00e0 19h00. Bureaux 35 rue des vignes 67380 Lingolsheim Nous \u00e9crire Formulaire de contact Get in touch\" \/>\n<meta property=\"og:url\" content=\"https:\/\/lafeevapeur.com\/index.php\/contact\/\" \/>\n<meta property=\"og:site_name\" content=\"La F\u00e9e Vapeur\" \/>\n<meta property=\"article:modified_time\" content=\"2024-02-23T17:20:16+00:00\" \/>\n<meta property=\"og:image\" content=\"https:\/\/lafeevapeur.com\/wp-content\/uploads\/2024\/04\/La-Fee-Vapeur-1200-675.jpg\" \/>\n\t<meta property=\"og:image:width\" content=\"1200\" \/>\n\t<meta property=\"og:image:height\" content=\"675\" \/>\n\t<meta property=\"og:image:type\" content=\"image\/jpeg\" \/>\n<meta name=\"twitter:card\" content=\"summary_large_image\" \/>\n<script type=\"application\/ld+json\" class=\"yoast-schema-graph\">{\"@context\":\"https:\/\/schema.org\",\"@graph\":[{\"@type\":\"WebPage\",\"@id\":\"https:\/\/lafeevapeur.com\/index.php\/contact\/\",\"url\":\"https:\/\/lafeevapeur.com\/index.php\/contact\/\",\"name\":\"Contact - La F\u00e9e Vapeur\",\"isPartOf\":{\"@id\":\"https:\/\/lafeevapeur.com\/#website\"},\"datePublished\":\"2024-02-23T16:54:16+00:00\",\"dateModified\":\"2024-02-23T17:20:16+00:00\",\"breadcrumb\":{\"@id\":\"https:\/\/lafeevapeur.com\/index.php\/contact\/#breadcrumb\"},\"inLanguage\":\"fr-FR\",\"potentialAction\":[{\"@type\":\"ReadAction\",\"target\":[\"https:\/\/lafeevapeur.com\/index.php\/contact\/\"]}]},{\"@type\":\"BreadcrumbList\",\"@id\":\"https:\/\/lafeevapeur.com\/index.php\/contact\/#breadcrumb\",\"itemListElement\":[{\"@type\":\"ListItem\",\"position\":1,\"name\":\"Accueil\",\"item\":\"https:\/\/lafeevapeur.com\/\"},{\"@type\":\"ListItem\",\"position\":2,\"name\":\"Contact\"}]},{\"@type\":\"WebSite\",\"@id\":\"https:\/\/lafeevapeur.com\/#website\",\"url\":\"https:\/\/lafeevapeur.com\/\",\"name\":\"La F\u00e9e Vapeur\",\"description\":\"La Fee Vapeur | Aide \u00e0 la personne &amp; nettoyage vapeur\",\"publisher\":{\"@id\":\"https:\/\/lafeevapeur.com\/#organization\"},\"potentialAction\":[{\"@type\":\"SearchAction\",\"target\":{\"@type\":\"EntryPoint\",\"urlTemplate\":\"https:\/\/lafeevapeur.com\/?s={search_term_string}\"},\"query-input\":{\"@type\":\"PropertyValueSpecification\",\"valueRequired\":true,\"valueName\":\"search_term_string\"}}],\"inLanguage\":\"fr-FR\"},{\"@type\":\"Organization\",\"@id\":\"https:\/\/lafeevapeur.com\/#organization\",\"name\":\"La F\u00e9e Vapeur\",\"url\":\"https:\/\/lafeevapeur.com\/\",\"logo\":{\"@type\":\"ImageObject\",\"inLanguage\":\"fr-FR\",\"@id\":\"https:\/\/lafeevapeur.com\/#\/schema\/logo\/image\/\",\"url\":\"https:\/\/lafeevapeur.com\/wp-content\/uploads\/2024\/04\/La-Fee-Vapeur-500-500.jpg\",\"contentUrl\":\"https:\/\/lafeevapeur.com\/wp-content\/uploads\/2024\/04\/La-Fee-Vapeur-500-500.jpg\",\"width\":500,\"height\":500,\"caption\":\"La F\u00e9e Vapeur\"},\"image\":{\"@id\":\"https:\/\/lafeevapeur.com\/#\/schema\/logo\/image\/\"}}]}<\/script>\n<!-- \/ Yoast SEO plugin. -->","yoast_head_json":{"title":"Contact - La F\u00e9e Vapeur","robots":{"index":"index","follow":"follow","max-snippet":"max-snippet:-1","max-image-preview":"max-image-preview:large","max-video-preview":"max-video-preview:-1"},"canonical":"https:\/\/lafeevapeur.com\/index.php\/contact\/","og_locale":"fr_FR","og_type":"article","og_title":"Contact - La F\u00e9e Vapeur","og_description":"La F\u00e9e Vapeur est toute \u00e0 votre \u00e9coute ! Location Contact c.massing@lafeevapeur.com +33 (0)6 6 19 92 67 99 Horaires d&rsquo;ouverture Du lundi au samedi, de 8h00 \u00e0 19h00. Bureaux 35 rue des vignes 67380 Lingolsheim Nous \u00e9crire Formulaire de contact Get in touch","og_url":"https:\/\/lafeevapeur.com\/index.php\/contact\/","og_site_name":"La F\u00e9e Vapeur","article_modified_time":"2024-02-23T17:20:16+00:00","og_image":[{"width":1200,"height":675,"url":"https:\/\/lafeevapeur.com\/wp-content\/uploads\/2024\/04\/La-Fee-Vapeur-1200-675.jpg","type":"image\/jpeg"}],"twitter_card":"summary_large_image","schema":{"@context":"https:\/\/schema.org","@graph":[{"@type":"WebPage","@id":"https:\/\/lafeevapeur.com\/index.php\/contact\/","url":"https:\/\/lafeevapeur.com\/index.php\/contact\/","name":"Contact - La F\u00e9e Vapeur","isPartOf":{"@id":"https:\/\/lafeevapeur.com\/#website"},"datePublished":"2024-02-23T16:54:16+00:00","dateModified":"2024-02-23T17:20:16+00:00","breadcrumb":{"@id":"https:\/\/lafeevapeur.com\/index.php\/contact\/#breadcrumb"},"inLanguage":"fr-FR","potentialAction":[{"@type":"ReadAction","target":["https:\/\/lafeevapeur.com\/index.php\/contact\/"]}]},{"@type":"BreadcrumbList","@id":"https:\/\/lafeevapeur.com\/index.php\/contact\/#breadcrumb","itemListElement":[{"@type":"ListItem","position":1,"name":"Accueil","item":"https:\/\/lafeevapeur.com\/"},{"@type":"ListItem","position":2,"name":"Contact"}]},{"@type":"WebSite","@id":"https:\/\/lafeevapeur.com\/#website","url":"https:\/\/lafeevapeur.com\/","name":"La F\u00e9e Vapeur","description":"La Fee Vapeur | Aide \u00e0 la personne &amp; nettoyage vapeur","publisher":{"@id":"https:\/\/lafeevapeur.com\/#organization"},"potentialAction":[{"@type":"SearchAction","target":{"@type":"EntryPoint","urlTemplate":"https:\/\/lafeevapeur.com\/?s={search_term_string}"},"query-input":{"@type":"PropertyValueSpecification","valueRequired":true,"valueName":"search_term_string"}}],"inLanguage":"fr-FR"},{"@type":"Organization","@id":"https:\/\/lafeevapeur.com\/#organization","name":"La F\u00e9e Vapeur","url":"https:\/\/lafeevapeur.com\/","logo":{"@type":"ImageObject","inLanguage":"fr-FR","@id":"https:\/\/lafeevapeur.com\/#\/schema\/logo\/image\/","url":"https:\/\/lafeevapeur.com\/wp-content\/uploads\/2024\/04\/La-Fee-Vapeur-500-500.jpg","contentUrl":"https:\/\/lafeevapeur.com\/wp-content\/uploads\/2024\/04\/La-Fee-Vapeur-500-500.jpg","width":500,"height":500,"caption":"La F\u00e9e Vapeur"},"image":{"@id":"https:\/\/lafeevapeur.com\/#\/schema\/logo\/image\/"}}]}},"_links":{"self":[{"href":"https:\/\/lafeevapeur.com\/index.php\/wp-json\/wp\/v2\/pages\/21","targetHints":{"allow":["GET"]}}],"collection":[{"href":"https:\/\/lafeevapeur.com\/index.php\/wp-json\/wp\/v2\/pages"}],"about":[{"href":"https:\/\/lafeevapeur.com\/index.php\/wp-json\/wp\/v2\/types\/page"}],"author":[{"embeddable":true,"href":"https:\/\/lafeevapeur.com\/index.php\/wp-json\/wp\/v2\/users\/1"}],"replies":[{"embeddable":true,"href":"https:\/\/lafeevapeur.com\/index.php\/wp-json\/wp\/v2\/comments?post=21"}],"version-history":[{"count":25,"href":"https:\/\/lafeevapeur.com\/index.php\/wp-json\/wp\/v2\/pages\/21\/revisions"}],"predecessor-version":[{"id":3634,"href":"https:\/\/lafeevapeur.com\/index.php\/wp-json\/wp\/v2\/pages\/21\/revisions\/3634"}],"wp:attachment":[{"href":"https:\/\/lafeevapeur.com\/index.php\/wp-json\/wp\/v2\/media?parent=21"}],"curies":[{"name":"wp","href":"https:\/\/api.w.org\/{rel}","templated":true}]}}