{"id":34,"date":"2023-07-01T03:57:13","date_gmt":"2023-07-01T03:57:13","guid":{"rendered":"http:\/\/source.wpopal.com\/flasaphic\/?page_id=34"},"modified":"2026-03-30T18:06:14","modified_gmt":"2026-03-30T16:06:14","slug":"nos-services","status":"publish","type":"page","link":"https:\/\/lafeevapeur.com\/index.php\/nos-services\/","title":{"rendered":"Nos services"},"content":{"rendered":"\t\t<div data-elementor-type=\"wp-page\" data-elementor-id=\"34\" class=\"elementor elementor-34\">\n\t\t\t\t<div class=\"elementor-element elementor-element-004eff1 e-flex e-con-boxed e-con e-parent\" data-id=\"004eff1\" data-element_type=\"container\">\n\t\t\t\t\t<div class=\"e-con-inner\">\n\t\t\t\t<div class=\"elementor-element elementor-element-77992f4 subtitle-position-above elementor-align-center elementor-widget__width-initial elementor-widget elementor-widget-flasaphic-heading\" data-id=\"77992f4\" data-element_type=\"widget\" data-widget_type=\"flasaphic-heading.default\">\n\t\t\t\t<div class=\"elementor-widget-container\">\n\t\t\t<div class=\"elementor-heading-wrapper-inner\"><h2 class=\"elementor-heading-title elementor-size-default\">Nos formats d'intervention<\/h2><div class=\"elementor-sub-title\">Nos services<\/div><\/div>\t\t<\/div>\n\t\t\t\t<\/div>\n\t\t\t\t\t<\/div>\n\t\t\t\t<\/div>\n\t\t<div class=\"elementor-element elementor-element-c6af7eb e-flex e-con-boxed e-con e-parent\" data-id=\"c6af7eb\" data-element_type=\"container\">\n\t\t\t\t\t<div class=\"e-con-inner\">\n\t\t<div class=\"elementor-element elementor-element-22ff1cb e-con-full e-flex e-con e-child\" data-id=\"22ff1cb\" data-element_type=\"container\" data-settings=\"{&quot;background_background&quot;:&quot;classic&quot;}\">\n\t\t\t\t<div class=\"elementor-element elementor-element-905f878 elementor-invisible elementor-widget elementor-widget-image\" data-id=\"905f878\" data-element_type=\"widget\" data-settings=\"{&quot;_animation&quot;:&quot;fadeIn&quot;}\" data-widget_type=\"image.default\">\n\t\t\t\t<div class=\"elementor-widget-container\">\n\t\t\t<style>\/*! elementor - v3.21.0 - 26-05-2024 *\/\n.elementor-widget-image{text-align:center}.elementor-widget-image a{display:inline-block}.elementor-widget-image a img[src$=\".svg\"]{width:48px}.elementor-widget-image img{vertical-align:middle;display:inline-block}<\/style>\t\t\t\t\t\t\t\t\t\t\t<a href=\"https:\/\/lafeevapeur.com\/index.php\/services-a-la-personne\/\">\n\t\t\t\t\t\t\t<img fetchpriority=\"high\" decoding=\"async\" width=\"1707\" height=\"2560\" src=\"https:\/\/lafeevapeur.com\/wp-content\/uploads\/2024\/01\/pexels-anna-shvets-3845456-scaled.jpg\" class=\"attachment-full size-full wp-image-3800\" alt=\"Vous \u00eates \u00e0 cheval sur la propret\u00e9 et vous habitez Strasbourg ? Confiez le m\u00e9nage de votre appartement \u00e0 la F\u00e9e Vapeur.\" srcset=\"https:\/\/lafeevapeur.com\/wp-content\/uploads\/2024\/01\/pexels-anna-shvets-3845456-scaled.jpg 1707w, https:\/\/lafeevapeur.com\/wp-content\/uploads\/2024\/01\/pexels-anna-shvets-3845456-200x300.jpg 200w, https:\/\/lafeevapeur.com\/wp-content\/uploads\/2024\/01\/pexels-anna-shvets-3845456-683x1024.jpg 683w, https:\/\/lafeevapeur.com\/wp-content\/uploads\/2024\/01\/pexels-anna-shvets-3845456-768x1152.jpg 768w, https:\/\/lafeevapeur.com\/wp-content\/uploads\/2024\/01\/pexels-anna-shvets-3845456-1024x1536.jpg 1024w, https:\/\/lafeevapeur.com\/wp-content\/uploads\/2024\/01\/pexels-anna-shvets-3845456-1365x2048.jpg 1365w\" sizes=\"(max-width: 1707px) 100vw, 1707px\" \/>\t\t\t\t\t\t\t\t<\/a>\n\t\t\t\t\t\t\t\t\t\t\t\t\t<\/div>\n\t\t\t\t<\/div>\n\t\t\t\t<div class=\"elementor-element elementor-element-e40564e elementor-widget elementor-widget-heading\" data-id=\"e40564e\" data-element_type=\"widget\" data-widget_type=\"heading.default\">\n\t\t\t\t<div class=\"elementor-widget-container\">\n\t\t\t<style>\/*! elementor - v3.21.0 - 26-05-2024 *\/\n.elementor-heading-title{padding:0;margin:0;line-height:1}.elementor-widget-heading .elementor-heading-title[class*=elementor-size-]>a{color:inherit;font-size:inherit;line-height:inherit}.elementor-widget-heading .elementor-heading-title.elementor-size-small{font-size:15px}.elementor-widget-heading .elementor-heading-title.elementor-size-medium{font-size:19px}.elementor-widget-heading .elementor-heading-title.elementor-size-large{font-size:29px}.elementor-widget-heading .elementor-heading-title.elementor-size-xl{font-size:39px}.elementor-widget-heading .elementor-heading-title.elementor-size-xxl{font-size:59px}<\/style><h2 class=\"elementor-heading-title elementor-size-default\">Aide \u00e0 la personne<\/h2>\t\t<\/div>\n\t\t\t\t<\/div>\n\t\t\t\t<div class=\"elementor-element elementor-element-72fddb0 elementor-widget elementor-widget-heading\" data-id=\"72fddb0\" data-element_type=\"widget\" data-widget_type=\"heading.default\">\n\t\t\t\t<div class=\"elementor-widget-container\">\n\t\t\t<h1 class=\"elementor-heading-title elementor-size-default\">Vous aider <br> au quotidien<\/h1>\t\t<\/div>\n\t\t\t\t<\/div>\n\t\t\t\t<div class=\"elementor-element elementor-element-6e4fa4a elementor-widget elementor-widget-text-editor\" data-id=\"6e4fa4a\" data-element_type=\"widget\" data-widget_type=\"text-editor.default\">\n\t\t\t\t<div class=\"elementor-widget-container\">\n\t\t\t<style>\/*! elementor - v3.21.0 - 26-05-2024 *\/\n.elementor-widget-text-editor.elementor-drop-cap-view-stacked .elementor-drop-cap{background-color:#69727d;color:#fff}.elementor-widget-text-editor.elementor-drop-cap-view-framed .elementor-drop-cap{color:#69727d;border:3px solid;background-color:transparent}.elementor-widget-text-editor:not(.elementor-drop-cap-view-default) .elementor-drop-cap{margin-top:8px}.elementor-widget-text-editor:not(.elementor-drop-cap-view-default) .elementor-drop-cap-letter{width:1em;height:1em}.elementor-widget-text-editor .elementor-drop-cap{float:left;text-align:center;line-height:1;font-size:50px}.elementor-widget-text-editor .elementor-drop-cap-letter{display:inline-block}<\/style>\t\t\t\t<p>Soulagez votre quotidien avec nos services d\u00e9di\u00e9s aux aidants et aux personnes d\u00e9pendantes. Bienveillance, professionnalisme et accompagnement personnalis\u00e9 pour vous offrir s\u00e9r\u00e9nit\u00e9 et soutien au quotidien.<\/p>\t\t\t\t\t\t<\/div>\n\t\t\t\t<\/div>\n\t\t\t\t<div class=\"elementor-element elementor-element-a7c0309 elementor-button-default elementor-widget elementor-widget-button\" data-id=\"a7c0309\" data-element_type=\"widget\" data-widget_type=\"button.default\">\n\t\t\t\t<div class=\"elementor-widget-container\">\n\t\t\t\t\t<div class=\"elementor-button-wrapper\">\n\t\t\t<a class=\"elementor-button elementor-button-link elementor-size-sm\" href=\"https:\/\/lafeevapeur.com\/index.php\/services-a-la-personne\/\">\n\t\t\t\t\t\t<span class=\"elementor-button-content-wrapper\">\n\t\t\t\t\t\t\t\t\t<span class=\"elementor-button-text\">En savoir +<\/span>\n\t\t\t\t\t<\/span>\n\t\t\t\t\t<\/a>\n\t\t<\/div>\n\t\t\t\t<\/div>\n\t\t\t\t<\/div>\n\t\t\t\t<\/div>\n\t\t<div class=\"elementor-element elementor-element-5deda2c e-con-full e-flex e-con e-child\" data-id=\"5deda2c\" data-element_type=\"container\" data-settings=\"{&quot;background_background&quot;:&quot;classic&quot;}\">\n\t\t\t\t<div class=\"elementor-element elementor-element-5f3e165 elementor-invisible elementor-widget elementor-widget-image\" data-id=\"5f3e165\" data-element_type=\"widget\" data-settings=\"{&quot;_animation&quot;:&quot;fadeIn&quot;}\" data-widget_type=\"image.default\">\n\t\t\t\t<div class=\"elementor-widget-container\">\n\t\t\t\t\t\t\t\t\t\t\t\t\t\t<a href=\"https:\/\/lafeevapeur.com\/index.php\/nettoyage-vapeur\/\">\n\t\t\t\t\t\t\t<img decoding=\"async\" width=\"500\" height=\"750\" src=\"https:\/\/lafeevapeur.com\/wp-content\/uploads\/2024\/04\/La-Fee-Vapeur-Services-salle-de-bain-raffraichissement-canape-sain.jpg\" class=\"attachment-full size-full wp-image-4137\" alt=\"Revivez le confort avec notre service de nettoyage \u00e0 la vapeur profonde! Adieu aux taches, bonjour \u00e0 la fra\u00eecheur.\" srcset=\"https:\/\/lafeevapeur.com\/wp-content\/uploads\/2024\/04\/La-Fee-Vapeur-Services-salle-de-bain-raffraichissement-canape-sain.jpg 500w, https:\/\/lafeevapeur.com\/wp-content\/uploads\/2024\/04\/La-Fee-Vapeur-Services-salle-de-bain-raffraichissement-canape-sain-200x300.jpg 200w\" sizes=\"(max-width: 500px) 100vw, 500px\" \/>\t\t\t\t\t\t\t\t<\/a>\n\t\t\t\t\t\t\t\t\t\t\t\t\t<\/div>\n\t\t\t\t<\/div>\n\t\t\t\t<div class=\"elementor-element elementor-element-dc6211e elementor-widget elementor-widget-heading\" data-id=\"dc6211e\" data-element_type=\"widget\" data-widget_type=\"heading.default\">\n\t\t\t\t<div class=\"elementor-widget-container\">\n\t\t\t<h2 class=\"elementor-heading-title elementor-size-default\">Nettoyage \u00e0 la vapeur<\/h2>\t\t<\/div>\n\t\t\t\t<\/div>\n\t\t\t\t<div class=\"elementor-element elementor-element-96f6137 elementor-widget elementor-widget-heading\" data-id=\"96f6137\" data-element_type=\"widget\" data-widget_type=\"heading.default\">\n\t\t\t\t<div class=\"elementor-widget-container\">\n\t\t\t<h1 class=\"elementor-heading-title elementor-size-default\">Assainir <br>votre int\u00e9rieur<\/h1>\t\t<\/div>\n\t\t\t\t<\/div>\n\t\t\t\t<div class=\"elementor-element elementor-element-ab2943b elementor-widget elementor-widget-text-editor\" data-id=\"ab2943b\" data-element_type=\"widget\" data-widget_type=\"text-editor.default\">\n\t\t\t\t<div class=\"elementor-widget-container\">\n\t\t\t\t\t\t\t<p>Offrez-vous un environnement sain et impeccable gr\u00e2ce \u00e0 nos services de nettoyage \u00e0 la vapeur profonde. C&rsquo;est la solution la plus efficace et la plus\u00a0 \u00e9cologique pour \u00e9liminer les acariens, raviver les couleurs et prolonger la vie de votre mobilier.\u00a0<\/p>\t\t\t\t\t\t<\/div>\n\t\t\t\t<\/div>\n\t\t\t\t<div class=\"elementor-element elementor-element-cbbe059 elementor-button-default elementor-widget elementor-widget-button\" data-id=\"cbbe059\" data-element_type=\"widget\" data-widget_type=\"button.default\">\n\t\t\t\t<div class=\"elementor-widget-container\">\n\t\t\t\t\t<div class=\"elementor-button-wrapper\">\n\t\t\t<a class=\"elementor-button elementor-button-link elementor-size-sm\" href=\"https:\/\/lafeevapeur.com\/index.php\/nettoyage-vapeur\/\">\n\t\t\t\t\t\t<span class=\"elementor-button-content-wrapper\">\n\t\t\t\t\t\t\t\t\t<span class=\"elementor-button-text\">En savoir +<\/span>\n\t\t\t\t\t<\/span>\n\t\t\t\t\t<\/a>\n\t\t<\/div>\n\t\t\t\t<\/div>\n\t\t\t\t<\/div>\n\t\t\t\t<\/div>\n\t\t<div class=\"elementor-element elementor-element-2517327 e-con-full e-flex e-con e-child\" data-id=\"2517327\" data-element_type=\"container\" data-settings=\"{&quot;background_background&quot;:&quot;classic&quot;}\">\n\t\t\t\t<div class=\"elementor-element elementor-element-79062e2 elementor-invisible elementor-widget elementor-widget-image\" data-id=\"79062e2\" data-element_type=\"widget\" data-settings=\"{&quot;_animation&quot;:&quot;fadeIn&quot;}\" data-widget_type=\"image.default\">\n\t\t\t\t<div class=\"elementor-widget-container\">\n\t\t\t\t\t\t\t\t\t\t\t\t\t\t<a href=\"https:\/\/lafeevapeur.com\/index.php\/assainissement-vapeur-pour-professionnels\/\">\n\t\t\t\t\t\t\t<img decoding=\"async\" width=\"1707\" height=\"2560\" src=\"https:\/\/lafeevapeur.com\/wp-content\/uploads\/2025\/01\/pexels-henri-mathieu-8354765-scaled.jpg\" class=\"attachment-full size-full wp-image-5433\" alt=\"\" srcset=\"https:\/\/lafeevapeur.com\/wp-content\/uploads\/2025\/01\/pexels-henri-mathieu-8354765-scaled.jpg 1707w, https:\/\/lafeevapeur.com\/wp-content\/uploads\/2025\/01\/pexels-henri-mathieu-8354765-200x300.jpg 200w, https:\/\/lafeevapeur.com\/wp-content\/uploads\/2025\/01\/pexels-henri-mathieu-8354765-683x1024.jpg 683w, https:\/\/lafeevapeur.com\/wp-content\/uploads\/2025\/01\/pexels-henri-mathieu-8354765-768x1152.jpg 768w, https:\/\/lafeevapeur.com\/wp-content\/uploads\/2025\/01\/pexels-henri-mathieu-8354765-1024x1536.jpg 1024w, https:\/\/lafeevapeur.com\/wp-content\/uploads\/2025\/01\/pexels-henri-mathieu-8354765-1365x2048.jpg 1365w\" sizes=\"(max-width: 1707px) 100vw, 1707px\" \/>\t\t\t\t\t\t\t\t<\/a>\n\t\t\t\t\t\t\t\t\t\t\t\t\t<\/div>\n\t\t\t\t<\/div>\n\t\t\t\t<div class=\"elementor-element elementor-element-0df0300 elementor-widget elementor-widget-heading\" data-id=\"0df0300\" data-element_type=\"widget\" data-widget_type=\"heading.default\">\n\t\t\t\t<div class=\"elementor-widget-container\">\n\t\t\t<h2 class=\"elementor-heading-title elementor-size-default\">Services aux professionnels<\/h2>\t\t<\/div>\n\t\t\t\t<\/div>\n\t\t\t\t<div class=\"elementor-element elementor-element-20fc2b4 elementor-widget elementor-widget-heading\" data-id=\"20fc2b4\" data-element_type=\"widget\" data-widget_type=\"heading.default\">\n\t\t\t\t<div class=\"elementor-widget-container\">\n\t\t\t<h1 class=\"elementor-heading-title elementor-size-default\">Entretenir <br>vos \u00e9quipements<\/h1>\t\t<\/div>\n\t\t\t\t<\/div>\n\t\t\t\t<div class=\"elementor-element elementor-element-6604829 elementor-widget elementor-widget-text-editor\" data-id=\"6604829\" data-element_type=\"widget\" data-widget_type=\"text-editor.default\">\n\t\t\t\t<div class=\"elementor-widget-container\">\n\t\t\t\t\t\t\t<p>Pour proposer \u00e0 vos publics un accueil s\u00fbr et confortable sur le plan sanitaire, la F\u00e9e Vapeur intervient pour tout remettre au propre et en \u00e9tat, d\u00e9sodoriser et \u00e9viter la propagation des virus. Un vrai coup de neuf !<\/p>\t\t\t\t\t\t<\/div>\n\t\t\t\t<\/div>\n\t\t\t\t<div class=\"elementor-element elementor-element-de6bd33 elementor-button-default elementor-widget elementor-widget-button\" data-id=\"de6bd33\" data-element_type=\"widget\" data-widget_type=\"button.default\">\n\t\t\t\t<div class=\"elementor-widget-container\">\n\t\t\t\t\t<div class=\"elementor-button-wrapper\">\n\t\t\t<a class=\"elementor-button elementor-button-link elementor-size-sm\" href=\"https:\/\/lafeevapeur.com\/index.php\/assainissement-vapeur-pour-professionnels\/\">\n\t\t\t\t\t\t<span class=\"elementor-button-content-wrapper\">\n\t\t\t\t\t\t\t\t\t<span class=\"elementor-button-text\">En savoir +<\/span>\n\t\t\t\t\t<\/span>\n\t\t\t\t\t<\/a>\n\t\t<\/div>\n\t\t\t\t<\/div>\n\t\t\t\t<\/div>\n\t\t\t\t<\/div>\n\t\t\t\t\t<\/div>\n\t\t\t\t<\/div>\n\t\t<div class=\"elementor-element elementor-element-1387817 e-flex e-con-boxed e-con e-parent\" data-id=\"1387817\" data-element_type=\"container\">\n\t\t\t\t\t<div class=\"e-con-inner\">\n\t\t\t\t<div class=\"elementor-element elementor-element-5cb8e72 elementor-widget elementor-widget-spacer\" data-id=\"5cb8e72\" data-element_type=\"widget\" data-widget_type=\"spacer.default\">\n\t\t\t\t<div class=\"elementor-widget-container\">\n\t\t\t<style>\/*! elementor - v3.21.0 - 26-05-2024 *\/\n.elementor-column .elementor-spacer-inner{height:var(--spacer-size)}.e-con{--container-widget-width:100%}.e-con-inner>.elementor-widget-spacer,.e-con>.elementor-widget-spacer{width:var(--container-widget-width,var(--spacer-size));--align-self:var(--container-widget-align-self,initial);--flex-shrink:0}.e-con-inner>.elementor-widget-spacer>.elementor-widget-container,.e-con>.elementor-widget-spacer>.elementor-widget-container{height:100%;width:100%}.e-con-inner>.elementor-widget-spacer>.elementor-widget-container>.elementor-spacer,.e-con>.elementor-widget-spacer>.elementor-widget-container>.elementor-spacer{height:100%}.e-con-inner>.elementor-widget-spacer>.elementor-widget-container>.elementor-spacer>.elementor-spacer-inner,.e-con>.elementor-widget-spacer>.elementor-widget-container>.elementor-spacer>.elementor-spacer-inner{height:var(--container-widget-height,var(--spacer-size))}.e-con-inner>.elementor-widget-spacer.elementor-widget-empty,.e-con>.elementor-widget-spacer.elementor-widget-empty{position:relative;min-height:22px;min-width:22px}.e-con-inner>.elementor-widget-spacer.elementor-widget-empty .elementor-widget-empty-icon,.e-con>.elementor-widget-spacer.elementor-widget-empty .elementor-widget-empty-icon{position:absolute;top:0;bottom:0;left:0;right:0;margin:auto;padding:0;width:22px;height:22px}<\/style>\t\t<div class=\"elementor-spacer\">\n\t\t\t<div class=\"elementor-spacer-inner\"><\/div>\n\t\t<\/div>\n\t\t\t\t<\/div>\n\t\t\t\t<\/div>\n\t\t\t\t\t<\/div>\n\t\t\t\t<\/div>\n\t\t\t\t<\/div>\n\t\t","protected":false},"excerpt":{"rendered":"<p>Nos formats d&rsquo;intervention Nos services Aide \u00e0 la personne Vous aider au quotidien Soulagez votre quotidien avec nos services d\u00e9di\u00e9s aux aidants et aux personnes d\u00e9pendantes. Bienveillance, professionnalisme et accompagnement personnalis\u00e9 pour vous offrir s\u00e9r\u00e9nit\u00e9 et soutien au quotidien. En savoir + Nettoyage \u00e0 la vapeur Assainir votre int\u00e9rieur Offrez-vous un environnement sain et impeccable [&hellip;]<\/p>\n","protected":false},"author":1,"featured_media":0,"parent":0,"menu_order":0,"comment_status":"closed","ping_status":"closed","template":"","meta":{"inline_featured_image":false,"footnotes":""},"class_list":["post-34","page","type-page","status-publish","hentry"],"yoast_head":"<!-- This site is optimized with the Yoast SEO plugin v27.2 - https:\/\/yoast.com\/product\/yoast-seo-wordpress\/ -->\n<title>Nos services - La F\u00e9e Vapeur<\/title>\n<meta name=\"robots\" content=\"index, follow, max-snippet:-1, max-image-preview:large, max-video-preview:-1\" \/>\n<link rel=\"canonical\" href=\"https:\/\/lafeevapeur.com\/index.php\/nos-services\/\" \/>\n<meta property=\"og:locale\" content=\"fr_FR\" \/>\n<meta property=\"og:type\" content=\"article\" \/>\n<meta property=\"og:title\" content=\"Nos services - La F\u00e9e Vapeur\" \/>\n<meta property=\"og:description\" content=\"Nos formats d&rsquo;intervention Nos services Aide \u00e0 la personne Vous aider au quotidien Soulagez votre quotidien avec nos services d\u00e9di\u00e9s aux aidants et aux personnes d\u00e9pendantes. Bienveillance, professionnalisme et accompagnement personnalis\u00e9 pour vous offrir s\u00e9r\u00e9nit\u00e9 et soutien au quotidien. En savoir + Nettoyage \u00e0 la vapeur Assainir votre int\u00e9rieur Offrez-vous un environnement sain et impeccable [&hellip;]\" \/>\n<meta property=\"og:url\" content=\"https:\/\/lafeevapeur.com\/index.php\/nos-services\/\" \/>\n<meta property=\"og:site_name\" content=\"La F\u00e9e Vapeur\" \/>\n<meta property=\"article:modified_time\" content=\"2026-03-30T16:06:14+00:00\" \/>\n<meta property=\"og:image\" content=\"https:\/\/lafeevapeur.com\/wp-content\/uploads\/2024\/01\/pexels-anna-shvets-3845456-scaled.jpg\" \/>\n\t<meta property=\"og:image:width\" content=\"1707\" \/>\n\t<meta property=\"og:image:height\" content=\"2560\" \/>\n\t<meta property=\"og:image:type\" content=\"image\/jpeg\" \/>\n<meta name=\"twitter:card\" content=\"summary_large_image\" \/>\n<meta name=\"twitter:label1\" content=\"Dur\u00e9e de lecture estim\u00e9e\" \/>\n\t<meta name=\"twitter:data1\" content=\"2 minutes\" \/>\n<script type=\"application\/ld+json\" class=\"yoast-schema-graph\">{\"@context\":\"https:\/\/schema.org\",\"@graph\":[{\"@type\":\"WebPage\",\"@id\":\"https:\/\/lafeevapeur.com\/index.php\/nos-services\/\",\"url\":\"https:\/\/lafeevapeur.com\/index.php\/nos-services\/\",\"name\":\"Nos services - La F\u00e9e Vapeur\",\"isPartOf\":{\"@id\":\"https:\/\/lafeevapeur.com\/#website\"},\"primaryImageOfPage\":{\"@id\":\"https:\/\/lafeevapeur.com\/index.php\/nos-services\/#primaryimage\"},\"image\":{\"@id\":\"https:\/\/lafeevapeur.com\/index.php\/nos-services\/#primaryimage\"},\"thumbnailUrl\":\"https:\/\/lafeevapeur.com\/wp-content\/uploads\/2024\/01\/pexels-anna-shvets-3845456-scaled.jpg\",\"datePublished\":\"2023-07-01T03:57:13+00:00\",\"dateModified\":\"2026-03-30T16:06:14+00:00\",\"breadcrumb\":{\"@id\":\"https:\/\/lafeevapeur.com\/index.php\/nos-services\/#breadcrumb\"},\"inLanguage\":\"fr-FR\",\"potentialAction\":[{\"@type\":\"ReadAction\",\"target\":[\"https:\/\/lafeevapeur.com\/index.php\/nos-services\/\"]}]},{\"@type\":\"ImageObject\",\"inLanguage\":\"fr-FR\",\"@id\":\"https:\/\/lafeevapeur.com\/index.php\/nos-services\/#primaryimage\",\"url\":\"https:\/\/lafeevapeur.com\/wp-content\/uploads\/2024\/01\/pexels-anna-shvets-3845456-scaled.jpg\",\"contentUrl\":\"https:\/\/lafeevapeur.com\/wp-content\/uploads\/2024\/01\/pexels-anna-shvets-3845456-scaled.jpg\",\"width\":1707,\"height\":2560,\"caption\":\"Vous \u00eates \u00e0 cheval sur la propret\u00e9 et vous habitez Strasbourg ? Confiez le m\u00e9nage de votre appartement \u00e0 la F\u00e9e Vapeur.\"},{\"@type\":\"BreadcrumbList\",\"@id\":\"https:\/\/lafeevapeur.com\/index.php\/nos-services\/#breadcrumb\",\"itemListElement\":[{\"@type\":\"ListItem\",\"position\":1,\"name\":\"Accueil\",\"item\":\"https:\/\/lafeevapeur.com\/\"},{\"@type\":\"ListItem\",\"position\":2,\"name\":\"Nos services\"}]},{\"@type\":\"WebSite\",\"@id\":\"https:\/\/lafeevapeur.com\/#website\",\"url\":\"https:\/\/lafeevapeur.com\/\",\"name\":\"La F\u00e9e Vapeur\",\"description\":\"La Fee Vapeur | Aide \u00e0 la personne &amp; nettoyage vapeur\",\"publisher\":{\"@id\":\"https:\/\/lafeevapeur.com\/#organization\"},\"potentialAction\":[{\"@type\":\"SearchAction\",\"target\":{\"@type\":\"EntryPoint\",\"urlTemplate\":\"https:\/\/lafeevapeur.com\/?s={search_term_string}\"},\"query-input\":{\"@type\":\"PropertyValueSpecification\",\"valueRequired\":true,\"valueName\":\"search_term_string\"}}],\"inLanguage\":\"fr-FR\"},{\"@type\":\"Organization\",\"@id\":\"https:\/\/lafeevapeur.com\/#organization\",\"name\":\"La F\u00e9e Vapeur\",\"url\":\"https:\/\/lafeevapeur.com\/\",\"logo\":{\"@type\":\"ImageObject\",\"inLanguage\":\"fr-FR\",\"@id\":\"https:\/\/lafeevapeur.com\/#\/schema\/logo\/image\/\",\"url\":\"https:\/\/lafeevapeur.com\/wp-content\/uploads\/2024\/04\/La-Fee-Vapeur-500-500.jpg\",\"contentUrl\":\"https:\/\/lafeevapeur.com\/wp-content\/uploads\/2024\/04\/La-Fee-Vapeur-500-500.jpg\",\"width\":500,\"height\":500,\"caption\":\"La F\u00e9e Vapeur\"},\"image\":{\"@id\":\"https:\/\/lafeevapeur.com\/#\/schema\/logo\/image\/\"}}]}<\/script>\n<!-- \/ Yoast SEO plugin. -->","yoast_head_json":{"title":"Nos services - La F\u00e9e Vapeur","robots":{"index":"index","follow":"follow","max-snippet":"max-snippet:-1","max-image-preview":"max-image-preview:large","max-video-preview":"max-video-preview:-1"},"canonical":"https:\/\/lafeevapeur.com\/index.php\/nos-services\/","og_locale":"fr_FR","og_type":"article","og_title":"Nos services - La F\u00e9e Vapeur","og_description":"Nos formats d&rsquo;intervention Nos services Aide \u00e0 la personne Vous aider au quotidien Soulagez votre quotidien avec nos services d\u00e9di\u00e9s aux aidants et aux personnes d\u00e9pendantes. Bienveillance, professionnalisme et accompagnement personnalis\u00e9 pour vous offrir s\u00e9r\u00e9nit\u00e9 et soutien au quotidien. En savoir + Nettoyage \u00e0 la vapeur Assainir votre int\u00e9rieur Offrez-vous un environnement sain et impeccable [&hellip;]","og_url":"https:\/\/lafeevapeur.com\/index.php\/nos-services\/","og_site_name":"La F\u00e9e Vapeur","article_modified_time":"2026-03-30T16:06:14+00:00","og_image":[{"width":1707,"height":2560,"url":"https:\/\/lafeevapeur.com\/wp-content\/uploads\/2024\/01\/pexels-anna-shvets-3845456-scaled.jpg","type":"image\/jpeg"}],"twitter_card":"summary_large_image","twitter_misc":{"Dur\u00e9e de lecture estim\u00e9e":"2 minutes"},"schema":{"@context":"https:\/\/schema.org","@graph":[{"@type":"WebPage","@id":"https:\/\/lafeevapeur.com\/index.php\/nos-services\/","url":"https:\/\/lafeevapeur.com\/index.php\/nos-services\/","name":"Nos services - La F\u00e9e Vapeur","isPartOf":{"@id":"https:\/\/lafeevapeur.com\/#website"},"primaryImageOfPage":{"@id":"https:\/\/lafeevapeur.com\/index.php\/nos-services\/#primaryimage"},"image":{"@id":"https:\/\/lafeevapeur.com\/index.php\/nos-services\/#primaryimage"},"thumbnailUrl":"https:\/\/lafeevapeur.com\/wp-content\/uploads\/2024\/01\/pexels-anna-shvets-3845456-scaled.jpg","datePublished":"2023-07-01T03:57:13+00:00","dateModified":"2026-03-30T16:06:14+00:00","breadcrumb":{"@id":"https:\/\/lafeevapeur.com\/index.php\/nos-services\/#breadcrumb"},"inLanguage":"fr-FR","potentialAction":[{"@type":"ReadAction","target":["https:\/\/lafeevapeur.com\/index.php\/nos-services\/"]}]},{"@type":"ImageObject","inLanguage":"fr-FR","@id":"https:\/\/lafeevapeur.com\/index.php\/nos-services\/#primaryimage","url":"https:\/\/lafeevapeur.com\/wp-content\/uploads\/2024\/01\/pexels-anna-shvets-3845456-scaled.jpg","contentUrl":"https:\/\/lafeevapeur.com\/wp-content\/uploads\/2024\/01\/pexels-anna-shvets-3845456-scaled.jpg","width":1707,"height":2560,"caption":"Vous \u00eates \u00e0 cheval sur la propret\u00e9 et vous habitez Strasbourg ? Confiez le m\u00e9nage de votre appartement \u00e0 la F\u00e9e Vapeur."},{"@type":"BreadcrumbList","@id":"https:\/\/lafeevapeur.com\/index.php\/nos-services\/#breadcrumb","itemListElement":[{"@type":"ListItem","position":1,"name":"Accueil","item":"https:\/\/lafeevapeur.com\/"},{"@type":"ListItem","position":2,"name":"Nos services"}]},{"@type":"WebSite","@id":"https:\/\/lafeevapeur.com\/#website","url":"https:\/\/lafeevapeur.com\/","name":"La F\u00e9e Vapeur","description":"La Fee Vapeur | Aide \u00e0 la personne &amp; nettoyage vapeur","publisher":{"@id":"https:\/\/lafeevapeur.com\/#organization"},"potentialAction":[{"@type":"SearchAction","target":{"@type":"EntryPoint","urlTemplate":"https:\/\/lafeevapeur.com\/?s={search_term_string}"},"query-input":{"@type":"PropertyValueSpecification","valueRequired":true,"valueName":"search_term_string"}}],"inLanguage":"fr-FR"},{"@type":"Organization","@id":"https:\/\/lafeevapeur.com\/#organization","name":"La F\u00e9e Vapeur","url":"https:\/\/lafeevapeur.com\/","logo":{"@type":"ImageObject","inLanguage":"fr-FR","@id":"https:\/\/lafeevapeur.com\/#\/schema\/logo\/image\/","url":"https:\/\/lafeevapeur.com\/wp-content\/uploads\/2024\/04\/La-Fee-Vapeur-500-500.jpg","contentUrl":"https:\/\/lafeevapeur.com\/wp-content\/uploads\/2024\/04\/La-Fee-Vapeur-500-500.jpg","width":500,"height":500,"caption":"La F\u00e9e Vapeur"},"image":{"@id":"https:\/\/lafeevapeur.com\/#\/schema\/logo\/image\/"}}]}},"_links":{"self":[{"href":"https:\/\/lafeevapeur.com\/index.php\/wp-json\/wp\/v2\/pages\/34","targetHints":{"allow":["GET"]}}],"collection":[{"href":"https:\/\/lafeevapeur.com\/index.php\/wp-json\/wp\/v2\/pages"}],"about":[{"href":"https:\/\/lafeevapeur.com\/index.php\/wp-json\/wp\/v2\/types\/page"}],"author":[{"embeddable":true,"href":"https:\/\/lafeevapeur.com\/index.php\/wp-json\/wp\/v2\/users\/1"}],"replies":[{"embeddable":true,"href":"https:\/\/lafeevapeur.com\/index.php\/wp-json\/wp\/v2\/comments?post=34"}],"version-history":[{"count":223,"href":"https:\/\/lafeevapeur.com\/index.php\/wp-json\/wp\/v2\/pages\/34\/revisions"}],"predecessor-version":[{"id":6175,"href":"https:\/\/lafeevapeur.com\/index.php\/wp-json\/wp\/v2\/pages\/34\/revisions\/6175"}],"wp:attachment":[{"href":"https:\/\/lafeevapeur.com\/index.php\/wp-json\/wp\/v2\/media?parent=34"}],"curies":[{"name":"wp","href":"https:\/\/api.w.org\/{rel}","templated":true}]}}