{"id":3941,"date":"2024-04-11T16:11:38","date_gmt":"2024-04-11T14:11:38","guid":{"rendered":"https:\/\/lafeevapeur.com\/?page_id=3941"},"modified":"2024-05-28T16:49:49","modified_gmt":"2024-05-28T14:49:49","slug":"renover-vos-sols-et-vos-tapis","status":"publish","type":"page","link":"https:\/\/lafeevapeur.com\/index.php\/renover-vos-sols-et-vos-tapis\/","title":{"rendered":"R\u00e9nover vos sols et vos tapis"},"content":{"rendered":"\t\t<div data-elementor-type=\"wp-page\" data-elementor-id=\"3941\" class=\"elementor elementor-3941\">\n\t\t\t\t<div class=\"elementor-element elementor-element-2c57b57 e-flex e-con-boxed e-con e-parent\" data-id=\"2c57b57\" data-element_type=\"container\">\n\t\t\t\t\t<div class=\"e-con-inner\">\n\t\t<div class=\"elementor-element elementor-element-1f333ff e-con-full e-flex e-con e-child\" data-id=\"1f333ff\" data-element_type=\"container\">\n\t\t\t\t<div class=\"elementor-element elementor-element-1fc42ac subtitle-position-above elementor-mobile_extra-align-center elementor-widget-mobile_extra__width-initial elementor-widget elementor-widget-flasaphic-heading\" data-id=\"1fc42ac\" data-element_type=\"widget\" data-widget_type=\"flasaphic-heading.default\">\n\t\t\t\t<div class=\"elementor-widget-container\">\n\t\t\t<div class=\"elementor-heading-wrapper-inner\"><h2 class=\"elementor-heading-title elementor-size-default\">Un vrai coup <br>\nde neuf !<\/h2><div class=\"elementor-sub-title\">Services |  Rafraichir vos sols et tapis<\/div><\/div>\t\t<\/div>\n\t\t\t\t<\/div>\n\t\t\t\t<div class=\"elementor-element elementor-element-1cc9528 elementor-widget elementor-widget-text-editor\" data-id=\"1cc9528\" data-element_type=\"widget\" data-widget_type=\"text-editor.default\">\n\t\t\t\t<div class=\"elementor-widget-container\">\n\t\t\t<style>\/*! elementor - v3.21.0 - 26-05-2024 *\/\n.elementor-widget-text-editor.elementor-drop-cap-view-stacked .elementor-drop-cap{background-color:#69727d;color:#fff}.elementor-widget-text-editor.elementor-drop-cap-view-framed .elementor-drop-cap{color:#69727d;border:3px solid;background-color:transparent}.elementor-widget-text-editor:not(.elementor-drop-cap-view-default) .elementor-drop-cap{margin-top:8px}.elementor-widget-text-editor:not(.elementor-drop-cap-view-default) .elementor-drop-cap-letter{width:1em;height:1em}.elementor-widget-text-editor .elementor-drop-cap{float:left;text-align:center;line-height:1;font-size:50px}.elementor-widget-text-editor .elementor-drop-cap-letter{display:inline-block}<\/style>\t\t\t\t<p>Y aviez vous pens\u00e9 ? La vapeur profonde est une solution de pointe pour la r\u00e9novation des sols et tapis, offrant une approche efficace et respectueuse de l\u2019environnement. En voici les raisons&#8230;<\/p><h6><strong>La Vapeur nettoie en profondeur<\/strong><\/h6><p>La vapeur profonde p\u00e9n\u00e8tre en profondeur dans les pores du sol, \u00e9liminant efficacement les salet\u00e9s, les taches tenaces et les r\u00e9sidus accumul\u00e9s au fil du temps. Cette m\u00e9thode assure un nettoyage complet, m\u00eame dans les endroits difficiles \u00e0 atteindre.<\/p><h6><strong>La Vapeur est \u00e9colo<\/strong><\/h6><p>Contrairement aux produits chimiques agressifs, la vapeur profonde ne n\u00e9cessite aucun ajout de produits chimiques nocifs. Elle utilise simplement de la vapeur d&rsquo;eau pour nettoyer, ce qui en fait une option respectueuse de l&rsquo;environnement et sans danger pour la sant\u00e9.<\/p><h6><strong>La Vapeur d\u00e9sinfecte de mani\u00e8re naturelle<\/strong><\/h6><p>La vapeur profonde ne se contente pas de nettoyer, elle d\u00e9sinfecte \u00e9galement les sols et tapis en \u00e9liminant les bact\u00e9ries, les virus et les allerg\u00e8nes. Cela cr\u00e9e un environnement plus sain, r\u00e9duisant les risques de maladies et d&rsquo;allergies.<\/p><h6><strong>La Vapeur pr\u00e9serve vos sols et tapis<\/strong><\/h6><p>Contrairement \u00e0 certains proc\u00e9d\u00e9s de nettoyage agressifs qui peuvent endommager les surfaces, la vapeur profonde est douce et non abrasive. Elle pr\u00e9serve l&rsquo;int\u00e9grit\u00e9 des mat\u00e9riaux tout en assurant un nettoyage efficace.<\/p><h6><strong>La Vapeur vous fait gagner du temps (et de l&rsquo;argent)<\/strong><\/h6><p>En combinant nettoyage et d\u00e9sinfection en une seule \u00e9tape, la vapeur profonde permet d&rsquo;\u00e9conomiser du temps et des ressources. De plus, en \u00e9vitant l&rsquo;utilisation de produits chimiques co\u00fbteux, elle offre \u00e9galement des \u00e9conomies \u00e0 long terme.<\/p><p>En somme, la vapeur profonde est une solution polyvalente, respectueuse de l&rsquo;environnement et \u00e9conomique pour r\u00e9nover les sols et tapis, offrant des r\u00e9sultats exceptionnels tout en pr\u00e9servant la sant\u00e9 et la durabilit\u00e9 des espaces&#8230; Toutes les raisons d&rsquo;essayer !<\/p>\t\t\t\t\t\t<\/div>\n\t\t\t\t<\/div>\n\t\t\t\t<div class=\"elementor-element elementor-element-c284ca0 elementor-mobile_extra-align-center elementor-button-default elementor-widget elementor-widget-button\" data-id=\"c284ca0\" data-element_type=\"widget\" data-widget_type=\"button.default\">\n\t\t\t\t<div class=\"elementor-widget-container\">\n\t\t\t\t\t<div class=\"elementor-button-wrapper\">\n\t\t\t<a class=\"elementor-button elementor-button-link elementor-size-sm\" href=\"https:\/\/lafeevapeur.com\/index.php\/contact\/\">\n\t\t\t\t\t\t<span class=\"elementor-button-content-wrapper\">\n\t\t\t\t\t\t\t\t\t<span class=\"elementor-button-text\">Prenez contact avec nous<\/span>\n\t\t\t\t\t<\/span>\n\t\t\t\t\t<\/a>\n\t\t<\/div>\n\t\t\t\t<\/div>\n\t\t\t\t<\/div>\n\t\t\t\t<\/div>\n\t\t<div class=\"elementor-element elementor-element-94b01d4 e-con-full elementor-hidden-mobile e-flex e-con e-child\" data-id=\"94b01d4\" data-element_type=\"container\">\n\t\t\t\t<div class=\"elementor-element elementor-element-14d1409 gallery-spacing-custom elementor-widget elementor-widget-image-gallery\" data-id=\"14d1409\" data-element_type=\"widget\" data-widget_type=\"image-gallery.default\">\n\t\t\t\t<div class=\"elementor-widget-container\">\n\t\t\t<style>.elementor-image-gallery .gallery-item{display:inline-block;text-align:center;vertical-align:top;width:100%;max-width:100%;margin:0 auto}.elementor-image-gallery .gallery-item img{margin:0 auto}.elementor-image-gallery .gallery-item .gallery-caption{margin:0}.elementor-image-gallery figure img{display:block}.elementor-image-gallery figure figcaption{width:100%}.gallery-spacing-custom .elementor-image-gallery .gallery-icon{padding:0}@media (min-width:768px){.elementor-image-gallery .gallery-columns-2 .gallery-item{max-width:50%}.elementor-image-gallery .gallery-columns-3 .gallery-item{max-width:33.33%}.elementor-image-gallery .gallery-columns-4 .gallery-item{max-width:25%}.elementor-image-gallery .gallery-columns-5 .gallery-item{max-width:20%}.elementor-image-gallery .gallery-columns-6 .gallery-item{max-width:16.666%}.elementor-image-gallery .gallery-columns-7 .gallery-item{max-width:14.28%}.elementor-image-gallery .gallery-columns-8 .gallery-item{max-width:12.5%}.elementor-image-gallery .gallery-columns-9 .gallery-item{max-width:11.11%}.elementor-image-gallery .gallery-columns-10 .gallery-item{max-width:10%}}@media (min-width:480px) and (max-width:767px){.elementor-image-gallery .gallery.gallery-columns-2 .gallery-item,.elementor-image-gallery .gallery.gallery-columns-3 .gallery-item,.elementor-image-gallery .gallery.gallery-columns-4 .gallery-item,.elementor-image-gallery .gallery.gallery-columns-5 .gallery-item,.elementor-image-gallery .gallery.gallery-columns-6 .gallery-item,.elementor-image-gallery .gallery.gallery-columns-7 .gallery-item,.elementor-image-gallery .gallery.gallery-columns-8 .gallery-item,.elementor-image-gallery .gallery.gallery-columns-9 .gallery-item,.elementor-image-gallery .gallery.gallery-columns-10 .gallery-item{max-width:50%}}@media (max-width:479px){.elementor-image-gallery .gallery.gallery-columns-2 .gallery-item,.elementor-image-gallery .gallery.gallery-columns-3 .gallery-item,.elementor-image-gallery .gallery.gallery-columns-4 .gallery-item,.elementor-image-gallery .gallery.gallery-columns-5 .gallery-item,.elementor-image-gallery .gallery.gallery-columns-6 .gallery-item,.elementor-image-gallery .gallery.gallery-columns-7 .gallery-item,.elementor-image-gallery .gallery.gallery-columns-8 .gallery-item,.elementor-image-gallery .gallery.gallery-columns-9 .gallery-item,.elementor-image-gallery .gallery.gallery-columns-10 .gallery-item{max-width:100%}}<\/style>\t\t<div class=\"elementor-image-gallery\">\n\t\t\t<div id='gallery-1' class='gallery galleryid-3941 gallery-columns-2 gallery-size-full'><figure class='gallery-item'>\n\t\t\t<div class='gallery-icon landscape'>\n\t\t\t\t<a data-elementor-open-lightbox=\"yes\" data-elementor-lightbox-slideshow=\"14d1409\" data-elementor-lightbox-title=\"La-F\u00e9e-Vapeur-Services-salle-de-bain-renovation\" data-e-action-hash=\"#elementor-action%3Aaction%3Dlightbox%26settings%3DeyJpZCI6Mzk1NSwidXJsIjoiaHR0cHM6XC9cL2xhZmVldmFwZXVyLmNvbVwvd3AtY29udGVudFwvdXBsb2Fkc1wvMjAyNFwvMDRcL0xhLUZlZS1WYXBldXItU2VydmljZXMtc2FsbGUtZGUtYmFpbi1yZW5vdmF0aW9uLmpwZyIsInNsaWRlc2hvdyI6IjE0ZDE0MDkifQ%3D%3D\" href='https:\/\/lafeevapeur.com\/wp-content\/uploads\/2024\/04\/La-Fee-Vapeur-Services-salle-de-bain-renovation.jpg'><img fetchpriority=\"high\" decoding=\"async\" width=\"500\" height=\"500\" src=\"https:\/\/lafeevapeur.com\/wp-content\/uploads\/2024\/04\/La-Fee-Vapeur-Services-salle-de-bain-renovation.jpg\" class=\"attachment-full size-full\" alt=\"Plus de poussi\u00e8re, d&#039;acariens, d&#039;insectes et de toiles d&#039;araign\u00e9es apr\u00e8s le passage magique de la F\u00e9e Vapeur.\" srcset=\"https:\/\/lafeevapeur.com\/wp-content\/uploads\/2024\/04\/La-Fee-Vapeur-Services-salle-de-bain-renovation.jpg 500w, https:\/\/lafeevapeur.com\/wp-content\/uploads\/2024\/04\/La-Fee-Vapeur-Services-salle-de-bain-renovation-300x300.jpg 300w, https:\/\/lafeevapeur.com\/wp-content\/uploads\/2024\/04\/La-Fee-Vapeur-Services-salle-de-bain-renovation-150x150.jpg 150w\" sizes=\"(max-width: 500px) 100vw, 500px\" \/><\/a>\n\t\t\t<\/div><\/figure><figure class='gallery-item'>\n\t\t\t<div class='gallery-icon landscape'>\n\t\t\t\t<a data-elementor-open-lightbox=\"yes\" data-elementor-lightbox-slideshow=\"14d1409\" data-elementor-lightbox-title=\"La-F\u00e9e-Vapeur-Services-salle-de-bain-renovation-carreaux\" data-e-action-hash=\"#elementor-action%3Aaction%3Dlightbox%26settings%3DeyJpZCI6Mzk3NiwidXJsIjoiaHR0cHM6XC9cL2xhZmVldmFwZXVyLmNvbVwvd3AtY29udGVudFwvdXBsb2Fkc1wvMjAyNFwvMDRcL0xhLUZlZS1WYXBldXItU2VydmljZXMtc2FsbGUtZGUtYmFpbi1yZW5vdmF0aW9uLWNhcnJlYXV4LmpwZyIsInNsaWRlc2hvdyI6IjE0ZDE0MDkifQ%3D%3D\" href='https:\/\/lafeevapeur.com\/wp-content\/uploads\/2024\/04\/La-Fee-Vapeur-Services-salle-de-bain-renovation-carreaux.jpg'><img decoding=\"async\" width=\"500\" height=\"500\" src=\"https:\/\/lafeevapeur.com\/wp-content\/uploads\/2024\/04\/La-Fee-Vapeur-Services-salle-de-bain-renovation-carreaux.jpg\" class=\"attachment-full size-full\" alt=\"Pour des joints de carrelage anciens \u00e0 remettre \u00e0 neuf, faites appel \u00e0 la F\u00e9e Vapeur.\" srcset=\"https:\/\/lafeevapeur.com\/wp-content\/uploads\/2024\/04\/La-Fee-Vapeur-Services-salle-de-bain-renovation-carreaux.jpg 500w, https:\/\/lafeevapeur.com\/wp-content\/uploads\/2024\/04\/La-Fee-Vapeur-Services-salle-de-bain-renovation-carreaux-300x300.jpg 300w, https:\/\/lafeevapeur.com\/wp-content\/uploads\/2024\/04\/La-Fee-Vapeur-Services-salle-de-bain-renovation-carreaux-150x150.jpg 150w\" sizes=\"(max-width: 500px) 100vw, 500px\" \/><\/a>\n\t\t\t<\/div><\/figure><figure class='gallery-item'>\n\t\t\t<div class='gallery-icon landscape'>\n\t\t\t\t<a data-elementor-open-lightbox=\"yes\" data-elementor-lightbox-slideshow=\"14d1409\" data-elementor-lightbox-title=\"b\u00e9b\u00e9 sur tapis poils longs assainissement r\u00e9novation \u00e0 la vapeur\" data-e-action-hash=\"#elementor-action%3Aaction%3Dlightbox%26settings%3DeyJpZCI6NDYxMCwidXJsIjoiaHR0cHM6XC9cL2xhZmVldmFwZXVyLmNvbVwvd3AtY29udGVudFwvdXBsb2Fkc1wvMjAyNFwvMDVcL2JlYmUtc3VyLXRhcGlzLXBvaWxzLWxvbmdzLWFzc2Fpbmlzc2VtZW50LXJlbm92YXRpb24tYS1sYS12YXBldXIucG5nIiwic2xpZGVzaG93IjoiMTRkMTQwOSJ9\" href='https:\/\/lafeevapeur.com\/wp-content\/uploads\/2024\/05\/bebe-sur-tapis-poils-longs-assainissement-renovation-a-la-vapeur.png'><img decoding=\"async\" width=\"500\" height=\"500\" src=\"https:\/\/lafeevapeur.com\/wp-content\/uploads\/2024\/05\/bebe-sur-tapis-poils-longs-assainissement-renovation-a-la-vapeur.png\" class=\"attachment-full size-full\" alt=\"\" srcset=\"https:\/\/lafeevapeur.com\/wp-content\/uploads\/2024\/05\/bebe-sur-tapis-poils-longs-assainissement-renovation-a-la-vapeur.png 500w, https:\/\/lafeevapeur.com\/wp-content\/uploads\/2024\/05\/bebe-sur-tapis-poils-longs-assainissement-renovation-a-la-vapeur-300x300.png 300w, https:\/\/lafeevapeur.com\/wp-content\/uploads\/2024\/05\/bebe-sur-tapis-poils-longs-assainissement-renovation-a-la-vapeur-150x150.png 150w\" sizes=\"(max-width: 500px) 100vw, 500px\" \/><\/a>\n\t\t\t<\/div><\/figure><figure class='gallery-item'>\n\t\t\t<div class='gallery-icon landscape'>\n\t\t\t\t<a data-elementor-open-lightbox=\"yes\" data-elementor-lightbox-slideshow=\"14d1409\" data-elementor-lightbox-title=\"Tapis escalier copropri\u00e9t\u00e9 La F\u00e9e Vapeur\" data-e-action-hash=\"#elementor-action%3Aaction%3Dlightbox%26settings%3DeyJpZCI6NDYxMSwidXJsIjoiaHR0cHM6XC9cL2xhZmVldmFwZXVyLmNvbVwvd3AtY29udGVudFwvdXBsb2Fkc1wvMjAyNFwvMDVcL1RhcGlzLWVzY2FsaWVyLWNvcHJvcHJpZXRlLUxhLUZlZS1WYXBldXIucG5nIiwic2xpZGVzaG93IjoiMTRkMTQwOSJ9\" href='https:\/\/lafeevapeur.com\/wp-content\/uploads\/2024\/05\/Tapis-escalier-copropriete-La-Fee-Vapeur.png'><img loading=\"lazy\" decoding=\"async\" width=\"500\" height=\"500\" src=\"https:\/\/lafeevapeur.com\/wp-content\/uploads\/2024\/05\/Tapis-escalier-copropriete-La-Fee-Vapeur.png\" class=\"attachment-full size-full\" alt=\"\" srcset=\"https:\/\/lafeevapeur.com\/wp-content\/uploads\/2024\/05\/Tapis-escalier-copropriete-La-Fee-Vapeur.png 500w, https:\/\/lafeevapeur.com\/wp-content\/uploads\/2024\/05\/Tapis-escalier-copropriete-La-Fee-Vapeur-300x300.png 300w, https:\/\/lafeevapeur.com\/wp-content\/uploads\/2024\/05\/Tapis-escalier-copropriete-La-Fee-Vapeur-150x150.png 150w\" sizes=\"(max-width: 500px) 100vw, 500px\" \/><\/a>\n\t\t\t<\/div><\/figure>\n\t\t<\/div>\n\t\t<\/div>\n\t\t\t\t<\/div>\n\t\t\t\t<\/div>\n\t\t\t\t<\/div>\n\t\t\t\t\t<\/div>\n\t\t\t\t<\/div>\n\t\t<div class=\"elementor-element elementor-element-1b924c4 e-flex e-con-boxed e-con e-parent\" data-id=\"1b924c4\" data-element_type=\"container\">\n\t\t\t\t\t<div class=\"e-con-inner\">\n\t\t\t\t<div class=\"elementor-element elementor-element-5ef025b elementor-widget elementor-widget-spacer\" data-id=\"5ef025b\" data-element_type=\"widget\" data-widget_type=\"spacer.default\">\n\t\t\t\t<div class=\"elementor-widget-container\">\n\t\t\t<style>\/*! elementor - v3.21.0 - 26-05-2024 *\/\n.elementor-column .elementor-spacer-inner{height:var(--spacer-size)}.e-con{--container-widget-width:100%}.e-con-inner>.elementor-widget-spacer,.e-con>.elementor-widget-spacer{width:var(--container-widget-width,var(--spacer-size));--align-self:var(--container-widget-align-self,initial);--flex-shrink:0}.e-con-inner>.elementor-widget-spacer>.elementor-widget-container,.e-con>.elementor-widget-spacer>.elementor-widget-container{height:100%;width:100%}.e-con-inner>.elementor-widget-spacer>.elementor-widget-container>.elementor-spacer,.e-con>.elementor-widget-spacer>.elementor-widget-container>.elementor-spacer{height:100%}.e-con-inner>.elementor-widget-spacer>.elementor-widget-container>.elementor-spacer>.elementor-spacer-inner,.e-con>.elementor-widget-spacer>.elementor-widget-container>.elementor-spacer>.elementor-spacer-inner{height:var(--container-widget-height,var(--spacer-size))}.e-con-inner>.elementor-widget-spacer.elementor-widget-empty,.e-con>.elementor-widget-spacer.elementor-widget-empty{position:relative;min-height:22px;min-width:22px}.e-con-inner>.elementor-widget-spacer.elementor-widget-empty .elementor-widget-empty-icon,.e-con>.elementor-widget-spacer.elementor-widget-empty .elementor-widget-empty-icon{position:absolute;top:0;bottom:0;left:0;right:0;margin:auto;padding:0;width:22px;height:22px}<\/style>\t\t<div class=\"elementor-spacer\">\n\t\t\t<div class=\"elementor-spacer-inner\"><\/div>\n\t\t<\/div>\n\t\t\t\t<\/div>\n\t\t\t\t<\/div>\n\t\t\t\t\t<\/div>\n\t\t\t\t<\/div>\n\t\t\t\t<\/div>\n\t\t","protected":false},"excerpt":{"rendered":"<p>Un vrai coup de neuf ! Services | Rafraichir vos sols et tapis Y aviez vous pens\u00e9 ? La vapeur profonde est une solution de pointe pour la r\u00e9novation des sols et tapis, offrant une approche efficace et respectueuse de l\u2019environnement. En voici les raisons&#8230; La Vapeur nettoie en profondeur La vapeur profonde p\u00e9n\u00e8tre en [&hellip;]<\/p>\n","protected":false},"author":1,"featured_media":0,"parent":0,"menu_order":0,"comment_status":"closed","ping_status":"closed","template":"","meta":{"inline_featured_image":false,"footnotes":""},"class_list":["post-3941","page","type-page","status-publish","hentry"],"yoast_head":"<!-- This site is optimized with the Yoast SEO plugin v27.2 - https:\/\/yoast.com\/product\/yoast-seo-wordpress\/ -->\n<title>R\u00e9nover vos sols et vos tapis - La F\u00e9e Vapeur<\/title>\n<meta name=\"robots\" content=\"index, follow, max-snippet:-1, max-image-preview:large, max-video-preview:-1\" \/>\n<link rel=\"canonical\" href=\"https:\/\/lafeevapeur.com\/index.php\/renover-vos-sols-et-vos-tapis\/\" \/>\n<meta property=\"og:locale\" content=\"fr_FR\" \/>\n<meta property=\"og:type\" content=\"article\" \/>\n<meta property=\"og:title\" content=\"R\u00e9nover vos sols et vos tapis - La F\u00e9e Vapeur\" \/>\n<meta property=\"og:description\" content=\"Un vrai coup de neuf ! Services | Rafraichir vos sols et tapis Y aviez vous pens\u00e9 ? La vapeur profonde est une solution de pointe pour la r\u00e9novation des sols et tapis, offrant une approche efficace et respectueuse de l\u2019environnement. En voici les raisons&#8230; La Vapeur nettoie en profondeur La vapeur profonde p\u00e9n\u00e8tre en [&hellip;]\" \/>\n<meta property=\"og:url\" content=\"https:\/\/lafeevapeur.com\/index.php\/renover-vos-sols-et-vos-tapis\/\" \/>\n<meta property=\"og:site_name\" content=\"La F\u00e9e Vapeur\" \/>\n<meta property=\"article:modified_time\" content=\"2024-05-28T14:49:49+00:00\" \/>\n<meta property=\"og:image\" content=\"http:\/\/lafeevapeur.com\/wp-content\/uploads\/2024\/04\/La-Fee-Vapeur-Services-salle-de-bain-renovation.jpg\" \/>\n<meta name=\"twitter:card\" content=\"summary_large_image\" \/>\n<meta name=\"twitter:label1\" content=\"Dur\u00e9e de lecture estim\u00e9e\" \/>\n\t<meta name=\"twitter:data1\" content=\"3 minutes\" \/>\n<script type=\"application\/ld+json\" class=\"yoast-schema-graph\">{\"@context\":\"https:\/\/schema.org\",\"@graph\":[{\"@type\":\"WebPage\",\"@id\":\"https:\/\/lafeevapeur.com\/index.php\/renover-vos-sols-et-vos-tapis\/\",\"url\":\"https:\/\/lafeevapeur.com\/index.php\/renover-vos-sols-et-vos-tapis\/\",\"name\":\"R\u00e9nover vos sols et vos tapis - La F\u00e9e Vapeur\",\"isPartOf\":{\"@id\":\"https:\/\/lafeevapeur.com\/#website\"},\"primaryImageOfPage\":{\"@id\":\"https:\/\/lafeevapeur.com\/index.php\/renover-vos-sols-et-vos-tapis\/#primaryimage\"},\"image\":{\"@id\":\"https:\/\/lafeevapeur.com\/index.php\/renover-vos-sols-et-vos-tapis\/#primaryimage\"},\"thumbnailUrl\":\"https:\/\/lafeevapeur.com\/wp-content\/uploads\/2024\/04\/La-Fee-Vapeur-Services-salle-de-bain-renovation.jpg\",\"datePublished\":\"2024-04-11T14:11:38+00:00\",\"dateModified\":\"2024-05-28T14:49:49+00:00\",\"breadcrumb\":{\"@id\":\"https:\/\/lafeevapeur.com\/index.php\/renover-vos-sols-et-vos-tapis\/#breadcrumb\"},\"inLanguage\":\"fr-FR\",\"potentialAction\":[{\"@type\":\"ReadAction\",\"target\":[\"https:\/\/lafeevapeur.com\/index.php\/renover-vos-sols-et-vos-tapis\/\"]}]},{\"@type\":\"ImageObject\",\"inLanguage\":\"fr-FR\",\"@id\":\"https:\/\/lafeevapeur.com\/index.php\/renover-vos-sols-et-vos-tapis\/#primaryimage\",\"url\":\"https:\/\/lafeevapeur.com\/wp-content\/uploads\/2024\/04\/La-Fee-Vapeur-Services-salle-de-bain-renovation.jpg\",\"contentUrl\":\"https:\/\/lafeevapeur.com\/wp-content\/uploads\/2024\/04\/La-Fee-Vapeur-Services-salle-de-bain-renovation.jpg\",\"width\":500,\"height\":500,\"caption\":\"Plus de poussi\u00e8re, d'acariens, d'insectes et de toiles d'araign\u00e9es apr\u00e8s le passage magique de la F\u00e9e Vapeur.\"},{\"@type\":\"BreadcrumbList\",\"@id\":\"https:\/\/lafeevapeur.com\/index.php\/renover-vos-sols-et-vos-tapis\/#breadcrumb\",\"itemListElement\":[{\"@type\":\"ListItem\",\"position\":1,\"name\":\"Accueil\",\"item\":\"https:\/\/lafeevapeur.com\/\"},{\"@type\":\"ListItem\",\"position\":2,\"name\":\"R\u00e9nover vos sols et vos tapis\"}]},{\"@type\":\"WebSite\",\"@id\":\"https:\/\/lafeevapeur.com\/#website\",\"url\":\"https:\/\/lafeevapeur.com\/\",\"name\":\"La F\u00e9e Vapeur\",\"description\":\"La Fee Vapeur | Aide \u00e0 la personne &amp; nettoyage vapeur\",\"publisher\":{\"@id\":\"https:\/\/lafeevapeur.com\/#organization\"},\"potentialAction\":[{\"@type\":\"SearchAction\",\"target\":{\"@type\":\"EntryPoint\",\"urlTemplate\":\"https:\/\/lafeevapeur.com\/?s={search_term_string}\"},\"query-input\":{\"@type\":\"PropertyValueSpecification\",\"valueRequired\":true,\"valueName\":\"search_term_string\"}}],\"inLanguage\":\"fr-FR\"},{\"@type\":\"Organization\",\"@id\":\"https:\/\/lafeevapeur.com\/#organization\",\"name\":\"La F\u00e9e Vapeur\",\"url\":\"https:\/\/lafeevapeur.com\/\",\"logo\":{\"@type\":\"ImageObject\",\"inLanguage\":\"fr-FR\",\"@id\":\"https:\/\/lafeevapeur.com\/#\/schema\/logo\/image\/\",\"url\":\"https:\/\/lafeevapeur.com\/wp-content\/uploads\/2024\/04\/La-Fee-Vapeur-500-500.jpg\",\"contentUrl\":\"https:\/\/lafeevapeur.com\/wp-content\/uploads\/2024\/04\/La-Fee-Vapeur-500-500.jpg\",\"width\":500,\"height\":500,\"caption\":\"La F\u00e9e Vapeur\"},\"image\":{\"@id\":\"https:\/\/lafeevapeur.com\/#\/schema\/logo\/image\/\"}}]}<\/script>\n<!-- \/ Yoast SEO plugin. -->","yoast_head_json":{"title":"R\u00e9nover vos sols et vos tapis - La F\u00e9e Vapeur","robots":{"index":"index","follow":"follow","max-snippet":"max-snippet:-1","max-image-preview":"max-image-preview:large","max-video-preview":"max-video-preview:-1"},"canonical":"https:\/\/lafeevapeur.com\/index.php\/renover-vos-sols-et-vos-tapis\/","og_locale":"fr_FR","og_type":"article","og_title":"R\u00e9nover vos sols et vos tapis - La F\u00e9e Vapeur","og_description":"Un vrai coup de neuf ! Services | Rafraichir vos sols et tapis Y aviez vous pens\u00e9 ? La vapeur profonde est une solution de pointe pour la r\u00e9novation des sols et tapis, offrant une approche efficace et respectueuse de l\u2019environnement. En voici les raisons&#8230; La Vapeur nettoie en profondeur La vapeur profonde p\u00e9n\u00e8tre en [&hellip;]","og_url":"https:\/\/lafeevapeur.com\/index.php\/renover-vos-sols-et-vos-tapis\/","og_site_name":"La F\u00e9e Vapeur","article_modified_time":"2024-05-28T14:49:49+00:00","og_image":[{"url":"http:\/\/lafeevapeur.com\/wp-content\/uploads\/2024\/04\/La-Fee-Vapeur-Services-salle-de-bain-renovation.jpg","type":"","width":"","height":""}],"twitter_card":"summary_large_image","twitter_misc":{"Dur\u00e9e de lecture estim\u00e9e":"3 minutes"},"schema":{"@context":"https:\/\/schema.org","@graph":[{"@type":"WebPage","@id":"https:\/\/lafeevapeur.com\/index.php\/renover-vos-sols-et-vos-tapis\/","url":"https:\/\/lafeevapeur.com\/index.php\/renover-vos-sols-et-vos-tapis\/","name":"R\u00e9nover vos sols et vos tapis - La F\u00e9e Vapeur","isPartOf":{"@id":"https:\/\/lafeevapeur.com\/#website"},"primaryImageOfPage":{"@id":"https:\/\/lafeevapeur.com\/index.php\/renover-vos-sols-et-vos-tapis\/#primaryimage"},"image":{"@id":"https:\/\/lafeevapeur.com\/index.php\/renover-vos-sols-et-vos-tapis\/#primaryimage"},"thumbnailUrl":"https:\/\/lafeevapeur.com\/wp-content\/uploads\/2024\/04\/La-Fee-Vapeur-Services-salle-de-bain-renovation.jpg","datePublished":"2024-04-11T14:11:38+00:00","dateModified":"2024-05-28T14:49:49+00:00","breadcrumb":{"@id":"https:\/\/lafeevapeur.com\/index.php\/renover-vos-sols-et-vos-tapis\/#breadcrumb"},"inLanguage":"fr-FR","potentialAction":[{"@type":"ReadAction","target":["https:\/\/lafeevapeur.com\/index.php\/renover-vos-sols-et-vos-tapis\/"]}]},{"@type":"ImageObject","inLanguage":"fr-FR","@id":"https:\/\/lafeevapeur.com\/index.php\/renover-vos-sols-et-vos-tapis\/#primaryimage","url":"https:\/\/lafeevapeur.com\/wp-content\/uploads\/2024\/04\/La-Fee-Vapeur-Services-salle-de-bain-renovation.jpg","contentUrl":"https:\/\/lafeevapeur.com\/wp-content\/uploads\/2024\/04\/La-Fee-Vapeur-Services-salle-de-bain-renovation.jpg","width":500,"height":500,"caption":"Plus de poussi\u00e8re, d'acariens, d'insectes et de toiles d'araign\u00e9es apr\u00e8s le passage magique de la F\u00e9e Vapeur."},{"@type":"BreadcrumbList","@id":"https:\/\/lafeevapeur.com\/index.php\/renover-vos-sols-et-vos-tapis\/#breadcrumb","itemListElement":[{"@type":"ListItem","position":1,"name":"Accueil","item":"https:\/\/lafeevapeur.com\/"},{"@type":"ListItem","position":2,"name":"R\u00e9nover vos sols et vos tapis"}]},{"@type":"WebSite","@id":"https:\/\/lafeevapeur.com\/#website","url":"https:\/\/lafeevapeur.com\/","name":"La F\u00e9e Vapeur","description":"La Fee Vapeur | Aide \u00e0 la personne &amp; nettoyage vapeur","publisher":{"@id":"https:\/\/lafeevapeur.com\/#organization"},"potentialAction":[{"@type":"SearchAction","target":{"@type":"EntryPoint","urlTemplate":"https:\/\/lafeevapeur.com\/?s={search_term_string}"},"query-input":{"@type":"PropertyValueSpecification","valueRequired":true,"valueName":"search_term_string"}}],"inLanguage":"fr-FR"},{"@type":"Organization","@id":"https:\/\/lafeevapeur.com\/#organization","name":"La F\u00e9e Vapeur","url":"https:\/\/lafeevapeur.com\/","logo":{"@type":"ImageObject","inLanguage":"fr-FR","@id":"https:\/\/lafeevapeur.com\/#\/schema\/logo\/image\/","url":"https:\/\/lafeevapeur.com\/wp-content\/uploads\/2024\/04\/La-Fee-Vapeur-500-500.jpg","contentUrl":"https:\/\/lafeevapeur.com\/wp-content\/uploads\/2024\/04\/La-Fee-Vapeur-500-500.jpg","width":500,"height":500,"caption":"La F\u00e9e Vapeur"},"image":{"@id":"https:\/\/lafeevapeur.com\/#\/schema\/logo\/image\/"}}]}},"_links":{"self":[{"href":"https:\/\/lafeevapeur.com\/index.php\/wp-json\/wp\/v2\/pages\/3941","targetHints":{"allow":["GET"]}}],"collection":[{"href":"https:\/\/lafeevapeur.com\/index.php\/wp-json\/wp\/v2\/pages"}],"about":[{"href":"https:\/\/lafeevapeur.com\/index.php\/wp-json\/wp\/v2\/types\/page"}],"author":[{"embeddable":true,"href":"https:\/\/lafeevapeur.com\/index.php\/wp-json\/wp\/v2\/users\/1"}],"replies":[{"embeddable":true,"href":"https:\/\/lafeevapeur.com\/index.php\/wp-json\/wp\/v2\/comments?post=3941"}],"version-history":[{"count":61,"href":"https:\/\/lafeevapeur.com\/index.php\/wp-json\/wp\/v2\/pages\/3941\/revisions"}],"predecessor-version":[{"id":4615,"href":"https:\/\/lafeevapeur.com\/index.php\/wp-json\/wp\/v2\/pages\/3941\/revisions\/4615"}],"wp:attachment":[{"href":"https:\/\/lafeevapeur.com\/index.php\/wp-json\/wp\/v2\/media?parent=3941"}],"curies":[{"name":"wp","href":"https:\/\/api.w.org\/{rel}","templated":true}]}}