{"id":4483,"date":"2024-05-27T15:53:49","date_gmt":"2024-05-27T13:53:49","guid":{"rendered":"https:\/\/lafeevapeur.com\/?page_id=4483"},"modified":"2024-05-27T20:38:26","modified_gmt":"2024-05-27T18:38:26","slug":"mentions-legales","status":"publish","type":"page","link":"https:\/\/lafeevapeur.com\/index.php\/mentions-legales\/","title":{"rendered":"Mentions l\u00e9gales"},"content":{"rendered":"\t\t<div data-elementor-type=\"wp-page\" data-elementor-id=\"4483\" class=\"elementor elementor-4483\">\n\t\t\t\t<div class=\"elementor-element elementor-element-e09c833 e-flex e-con-boxed e-con e-parent\" data-id=\"e09c833\" data-element_type=\"container\">\n\t\t\t\t\t<div class=\"e-con-inner\">\n\t\t<div class=\"elementor-element elementor-element-712cce8 e-flex e-con-boxed e-con e-child\" data-id=\"712cce8\" data-element_type=\"container\" data-settings=\"{&quot;background_background&quot;:&quot;gradient&quot;}\">\n\t\t\t\t\t<div class=\"e-con-inner\">\n\t\t<div class=\"elementor-element elementor-element-bc47835 e-con-full e-flex e-con e-child\" data-id=\"bc47835\" data-element_type=\"container\" data-settings=\"{&quot;background_background&quot;:&quot;classic&quot;}\">\n\t\t\t\t<div class=\"elementor-element elementor-element-74ac8f4 elementor-widget__width-initial elementor-widget elementor-widget-text-editor\" data-id=\"74ac8f4\" data-element_type=\"widget\" data-widget_type=\"text-editor.default\">\n\t\t\t\t<div class=\"elementor-widget-container\">\n\t\t\t<style>\/*! elementor - v3.21.0 - 26-05-2024 *\/\n.elementor-widget-text-editor.elementor-drop-cap-view-stacked .elementor-drop-cap{background-color:#69727d;color:#fff}.elementor-widget-text-editor.elementor-drop-cap-view-framed .elementor-drop-cap{color:#69727d;border:3px solid;background-color:transparent}.elementor-widget-text-editor:not(.elementor-drop-cap-view-default) .elementor-drop-cap{margin-top:8px}.elementor-widget-text-editor:not(.elementor-drop-cap-view-default) .elementor-drop-cap-letter{width:1em;height:1em}.elementor-widget-text-editor .elementor-drop-cap{float:left;text-align:center;line-height:1;font-size:50px}.elementor-widget-text-editor .elementor-drop-cap-letter{display:inline-block}<\/style>\t\t\t\t<p>Aspirer les acariens d\u2019un matelas dont vous ne souhaitez pas encore vous s\u00e9parer, avoir recours \u00e0 un produit agressif pour enlever des taches sur votre tout nouveau canap\u00e9, attendre des jours que le tapis que vous avez nettoy\u00e9 \u00e0 grande eau soit sec, brosser un lino jusqu\u2019\u00e0 l\u2019\u00e9puisement pour un r\u00e9sultat m\u00e9diocre, frotter vos peintes, cadres de portes ou de fen\u00eatres avec une brosse \u00e0 dent et de la chimie, penser devoir vous s\u00e9parer d\u2019un matelas, d\u2019un canap\u00e9, d\u2019un fauteuil ou d\u2019une chaise ador\u00e9e parce qu&rsquo;ils ne sont plus de premi\u00e8re jeunesse, tout cela en \u00e9ternuant ou en se frottant les yeux\u2026 vous connaissez ?<\/p><p>La F\u00e9e Vapeur vous propose un traitement bien plus doux, \u00e9cologique et efficace : le nettoyage en profondeur \u00e0 la vapeur s\u00e8che. Chauff\u00e9e \u00e0 haute temp\u00e9rature, ses microgouttes d\u2019eau p\u00e9n\u00e8tre dans les profondeurs des tissus des tapis, des mousses des canap\u00e9s, des fibres des matelas, le garnissage de vos couettes, oreillers, coussins, des sommiers capitonn\u00e9s avant d\u2019\u00eatre aspir\u00e9es sans les endommager. La vapeur s\u00e8che d\u00e9colle ainsi toutes les poussi\u00e8res et les acariens gr\u00e2ce \u00e0 un nettoyeur injecteur\/extracteur professionnel haute performance utilis\u00e9 selon un protocole d\u2019intervention rigoureux.<\/p><p><!-- notionvc: d068dc4c-cf5c-4659-a7fc-e049d63b7cb6 --><\/p><p>R\u00e9sultat : vos supports sont d\u00e9sodoris\u00e9s, lib\u00e9r\u00e9s des allerg\u00e8nes et en plus, vous prolongez leur dur\u00e9e d\u2019utilisation ! Il n\u2019y pas de meilleur m\u00e9thode pour assainir une habitation !<\/p>\t\t\t\t\t\t<\/div>\n\t\t\t\t<\/div>\n\t\t\t\t<div class=\"elementor-element elementor-element-1325d45 subtitle-position-above elementor-align-left elementor-widget__width-initial elementor-mobile-align-center elementor-widget elementor-widget-flasaphic-heading\" data-id=\"1325d45\" data-element_type=\"widget\" data-widget_type=\"flasaphic-heading.default\">\n\t\t\t\t<div class=\"elementor-widget-container\">\n\t\t\t<div class=\"elementor-heading-wrapper-inner\"><div class=\"elementor-sub-title\">Derni\u00e8re mise \u00e0 jour : 22\/05\/2024<\/div><\/div>\t\t<\/div>\n\t\t\t\t<\/div>\n\t\t\t\t<div class=\"elementor-element elementor-element-cec2aca elementor-widget elementor-widget-text-editor\" data-id=\"cec2aca\" data-element_type=\"widget\" data-widget_type=\"text-editor.default\">\n\t\t\t\t<div class=\"elementor-widget-container\">\n\t\t\t\t\t\t\t<h4><strong>1. \u00c9diteur du site<\/strong><\/h4><p>Le site <a href=\"https:\/\/lafeevapeur.com\/\">www.lafeevapeur.com<\/a> est \u00e9dit\u00e9 par :<\/p><p>Raison sociale : <strong>COOPENATES SCOP SARL \/ LA FEE VAPEUR \/ Cathy Massing<\/strong><\/p><p>Dirigeante : Cathy Massing<\/p><p>Adresse : 5 rue de la coop\u00e9rative, 67000 Strasbourg<\/p><p>T\u00e9l\u00e9phone : +33 (0)6 6 19 92 67 99<\/p><p>Email : <a href=\"mailto:contact@lafeevapeur.com\">contact[@]lafeevapeur.com<\/a><\/p><p>Num\u00e9ro SIRET : SIRET 500 738 992 00048<\/p><p>Num\u00e9ro de TVA intracommunautaire : FR07500738992<\/p><h4><strong>2. H\u00e9bergement du site<\/strong><\/h4><p>Le site est h\u00e9berg\u00e9 par :<\/p><p>H\u00e9bergeur : OVH<\/p><p>Adresse : 2 rue Kellermann, 59100 Roubaix, France<\/p><p>T\u00e9l\u00e9phone : 1007<\/p><h4><strong>3. R\u00e9alisation du site<\/strong><\/h4><p>Le site a \u00e9t\u00e9 r\u00e9alis\u00e9 par :<\/p><p>Agence : Apiserana Strasbourg<\/p><p>Adresse : 15 rue de la Fabrique, Strasbourg<\/p><p>Site web : <a href=\"http:\/\/www.apiserana.com\/\">www.apiserana.com<\/a><\/p><p>T\u00e9l\u00e9phone : +33 (0)6 07 15 91 66<\/p><h4><strong>4. Propri\u00e9t\u00e9 intellectuelle<\/strong><\/h4><p>Tous les contenus pr\u00e9sents sur le site <a href=\"https:\/\/lafeevapeur.com\/\">www.lafeevapeur.com<\/a>, y compris, mais sans s&rsquo;y limiter, les textes, graphiques, logos, images, vid\u00e9os, et logiciels, sont la propri\u00e9t\u00e9 de La F\u00e9e Vapeur ou de ses partenaires et sont prot\u00e9g\u00e9s par les lois relatives \u00e0 la propri\u00e9t\u00e9 intellectuelle. Toute reproduction, distribution, modification ou utilisation de ces contenus sans autorisation \u00e9crite pr\u00e9alable est strictement interdite.<\/p><h4><strong>5. Donn\u00e9es personnelles<\/strong><\/h4><p>Conform\u00e9ment \u00e0 la loi n\u00b0 78-17 du 6 janvier 1978 relative \u00e0 l&rsquo;informatique, aux fichiers et aux libert\u00e9s modifi\u00e9e, et au R\u00e8glement (UE) 2016\/679 du Parlement europ\u00e9en et du Conseil du 27 avril 2016 (RGPD), vous disposez d\u2019un droit d\u2019acc\u00e8s, de rectification, d\u2019effacement, de limitation, d\u2019opposition et de portabilit\u00e9 des donn\u00e9es vous concernant. Vous pouvez exercer ces droits en nous contactant \u00e0 l&rsquo;adresse email <a href=\"mailto:contact@lafeevapeur.com\">contact@lafeevapeur.com<\/a>.<\/p><h4><strong>6. Cookies<\/strong><\/h4><p>Le site <a href=\"https:\/\/lafeevapeur.com\/\">www.lafeevapeur.com<\/a> utilise des cookies pour am\u00e9liorer l\u2019exp\u00e9rience utilisateur, analyser le trafic du site et personnaliser le contenu et les publicit\u00e9s. Vous pouvez configurer votre navigateur pour refuser les cookies ou pour \u00eatre inform\u00e9 de leur utilisation.<\/p><h4><strong>7. Responsabilit\u00e9<\/strong><\/h4><p>La F\u00e9e Vapeur d\u00e9cline toute responsabilit\u00e9 quant \u00e0 l\u2019utilisation qui pourrait \u00eatre faite des informations et contenus pr\u00e9sents sur le site. La F\u00e9e Vapeur ne garantit pas que le site sera accessible ou fonctionnera sans interruption, ni qu\u2019il est exempt de virus ou autres \u00e9l\u00e9ments nuisibles.<\/p><h4><strong>8. Liens hypertextes<\/strong><\/h4><p>Le site <a href=\"https:\/\/lafeevapeur.com\/\">www.lafeevapeur.com<\/a> peut contenir des liens hypertextes vers d&rsquo;autres sites qui ne sont pas contr\u00f4l\u00e9s par La F\u00e9e Vapeur. En cons\u00e9quence, La F\u00e9e Vapeur ne peut \u00eatre tenue pour responsable du contenu de ces sites, ni des dommages ou pr\u00e9judices r\u00e9sultant de leur utilisation.<\/p><h4><strong>9. Droit applicable<\/strong><\/h4><p>Les pr\u00e9sentes mentions l\u00e9gales sont r\u00e9gies par le droit fran\u00e7ais. En cas de litige relatif \u00e0 l&rsquo;utilisation du site, les tribunaux fran\u00e7ais seront seuls comp\u00e9tents.<\/p><h4>10. Contact<\/h4><p>Pour toute question relative aux mentions l\u00e9gales, veuillez nous contacter \u00e0 l&rsquo;adresse suivante : <a href=\"mailto:contact@lafeevapeur.com\">contact@lafeevapeur.com<\/a><\/p>\t\t\t\t\t\t<\/div>\n\t\t\t\t<\/div>\n\t\t\t\t<\/div>\n\t\t\t\t\t<\/div>\n\t\t\t\t<\/div>\n\t\t\t\t\t<\/div>\n\t\t\t\t<\/div>\n\t\t\t\t<\/div>\n\t\t","protected":false},"excerpt":{"rendered":"<p>Aspirer les acariens d\u2019un matelas dont vous ne souhaitez pas encore vous s\u00e9parer, avoir recours \u00e0 un produit agressif pour enlever des taches sur votre tout nouveau canap\u00e9, attendre des jours que le tapis que vous avez nettoy\u00e9 \u00e0 grande eau soit sec, brosser un lino jusqu\u2019\u00e0 l\u2019\u00e9puisement pour un r\u00e9sultat m\u00e9diocre, frotter vos peintes, [&hellip;]<\/p>\n","protected":false},"author":1,"featured_media":0,"parent":0,"menu_order":0,"comment_status":"closed","ping_status":"closed","template":"","meta":{"inline_featured_image":false,"footnotes":""},"class_list":["post-4483","page","type-page","status-publish","hentry"],"yoast_head":"<!-- This site is optimized with the Yoast SEO plugin v27.2 - https:\/\/yoast.com\/product\/yoast-seo-wordpress\/ -->\n<title>Mentions l\u00e9gales - La F\u00e9e Vapeur<\/title>\n<meta name=\"robots\" content=\"index, follow, max-snippet:-1, max-image-preview:large, max-video-preview:-1\" \/>\n<link rel=\"canonical\" href=\"https:\/\/lafeevapeur.com\/index.php\/mentions-legales\/\" \/>\n<meta property=\"og:locale\" content=\"fr_FR\" \/>\n<meta property=\"og:type\" content=\"article\" \/>\n<meta property=\"og:title\" content=\"Mentions l\u00e9gales - La F\u00e9e Vapeur\" \/>\n<meta property=\"og:description\" content=\"Aspirer les acariens d\u2019un matelas dont vous ne souhaitez pas encore vous s\u00e9parer, avoir recours \u00e0 un produit agressif pour enlever des taches sur votre tout nouveau canap\u00e9, attendre des jours que le tapis que vous avez nettoy\u00e9 \u00e0 grande eau soit sec, brosser un lino jusqu\u2019\u00e0 l\u2019\u00e9puisement pour un r\u00e9sultat m\u00e9diocre, frotter vos peintes, [&hellip;]\" \/>\n<meta property=\"og:url\" content=\"https:\/\/lafeevapeur.com\/index.php\/mentions-legales\/\" \/>\n<meta property=\"og:site_name\" content=\"La F\u00e9e Vapeur\" \/>\n<meta property=\"article:modified_time\" content=\"2024-05-27T18:38:26+00:00\" \/>\n<meta property=\"og:image\" content=\"https:\/\/lafeevapeur.com\/wp-content\/uploads\/2024\/04\/La-Fee-Vapeur-1200-675.jpg\" \/>\n\t<meta property=\"og:image:width\" content=\"1200\" \/>\n\t<meta property=\"og:image:height\" content=\"675\" \/>\n\t<meta property=\"og:image:type\" content=\"image\/jpeg\" \/>\n<meta name=\"twitter:card\" content=\"summary_large_image\" \/>\n<meta name=\"twitter:label1\" content=\"Dur\u00e9e de lecture estim\u00e9e\" \/>\n\t<meta name=\"twitter:data1\" content=\"4 minutes\" \/>\n<script type=\"application\/ld+json\" class=\"yoast-schema-graph\">{\"@context\":\"https:\/\/schema.org\",\"@graph\":[{\"@type\":\"WebPage\",\"@id\":\"https:\/\/lafeevapeur.com\/index.php\/mentions-legales\/\",\"url\":\"https:\/\/lafeevapeur.com\/index.php\/mentions-legales\/\",\"name\":\"Mentions l\u00e9gales - La F\u00e9e Vapeur\",\"isPartOf\":{\"@id\":\"https:\/\/lafeevapeur.com\/#website\"},\"datePublished\":\"2024-05-27T13:53:49+00:00\",\"dateModified\":\"2024-05-27T18:38:26+00:00\",\"breadcrumb\":{\"@id\":\"https:\/\/lafeevapeur.com\/index.php\/mentions-legales\/#breadcrumb\"},\"inLanguage\":\"fr-FR\",\"potentialAction\":[{\"@type\":\"ReadAction\",\"target\":[\"https:\/\/lafeevapeur.com\/index.php\/mentions-legales\/\"]}]},{\"@type\":\"BreadcrumbList\",\"@id\":\"https:\/\/lafeevapeur.com\/index.php\/mentions-legales\/#breadcrumb\",\"itemListElement\":[{\"@type\":\"ListItem\",\"position\":1,\"name\":\"Accueil\",\"item\":\"https:\/\/lafeevapeur.com\/\"},{\"@type\":\"ListItem\",\"position\":2,\"name\":\"Mentions l\u00e9gales\"}]},{\"@type\":\"WebSite\",\"@id\":\"https:\/\/lafeevapeur.com\/#website\",\"url\":\"https:\/\/lafeevapeur.com\/\",\"name\":\"La F\u00e9e Vapeur\",\"description\":\"La Fee Vapeur | Aide \u00e0 la personne &amp; nettoyage vapeur\",\"publisher\":{\"@id\":\"https:\/\/lafeevapeur.com\/#organization\"},\"potentialAction\":[{\"@type\":\"SearchAction\",\"target\":{\"@type\":\"EntryPoint\",\"urlTemplate\":\"https:\/\/lafeevapeur.com\/?s={search_term_string}\"},\"query-input\":{\"@type\":\"PropertyValueSpecification\",\"valueRequired\":true,\"valueName\":\"search_term_string\"}}],\"inLanguage\":\"fr-FR\"},{\"@type\":\"Organization\",\"@id\":\"https:\/\/lafeevapeur.com\/#organization\",\"name\":\"La F\u00e9e Vapeur\",\"url\":\"https:\/\/lafeevapeur.com\/\",\"logo\":{\"@type\":\"ImageObject\",\"inLanguage\":\"fr-FR\",\"@id\":\"https:\/\/lafeevapeur.com\/#\/schema\/logo\/image\/\",\"url\":\"https:\/\/lafeevapeur.com\/wp-content\/uploads\/2024\/04\/La-Fee-Vapeur-500-500.jpg\",\"contentUrl\":\"https:\/\/lafeevapeur.com\/wp-content\/uploads\/2024\/04\/La-Fee-Vapeur-500-500.jpg\",\"width\":500,\"height\":500,\"caption\":\"La F\u00e9e Vapeur\"},\"image\":{\"@id\":\"https:\/\/lafeevapeur.com\/#\/schema\/logo\/image\/\"}}]}<\/script>\n<!-- \/ Yoast SEO plugin. -->","yoast_head_json":{"title":"Mentions l\u00e9gales - La F\u00e9e Vapeur","robots":{"index":"index","follow":"follow","max-snippet":"max-snippet:-1","max-image-preview":"max-image-preview:large","max-video-preview":"max-video-preview:-1"},"canonical":"https:\/\/lafeevapeur.com\/index.php\/mentions-legales\/","og_locale":"fr_FR","og_type":"article","og_title":"Mentions l\u00e9gales - La F\u00e9e Vapeur","og_description":"Aspirer les acariens d\u2019un matelas dont vous ne souhaitez pas encore vous s\u00e9parer, avoir recours \u00e0 un produit agressif pour enlever des taches sur votre tout nouveau canap\u00e9, attendre des jours que le tapis que vous avez nettoy\u00e9 \u00e0 grande eau soit sec, brosser un lino jusqu\u2019\u00e0 l\u2019\u00e9puisement pour un r\u00e9sultat m\u00e9diocre, frotter vos peintes, [&hellip;]","og_url":"https:\/\/lafeevapeur.com\/index.php\/mentions-legales\/","og_site_name":"La F\u00e9e Vapeur","article_modified_time":"2024-05-27T18:38:26+00:00","og_image":[{"width":1200,"height":675,"url":"https:\/\/lafeevapeur.com\/wp-content\/uploads\/2024\/04\/La-Fee-Vapeur-1200-675.jpg","type":"image\/jpeg"}],"twitter_card":"summary_large_image","twitter_misc":{"Dur\u00e9e de lecture estim\u00e9e":"4 minutes"},"schema":{"@context":"https:\/\/schema.org","@graph":[{"@type":"WebPage","@id":"https:\/\/lafeevapeur.com\/index.php\/mentions-legales\/","url":"https:\/\/lafeevapeur.com\/index.php\/mentions-legales\/","name":"Mentions l\u00e9gales - La F\u00e9e Vapeur","isPartOf":{"@id":"https:\/\/lafeevapeur.com\/#website"},"datePublished":"2024-05-27T13:53:49+00:00","dateModified":"2024-05-27T18:38:26+00:00","breadcrumb":{"@id":"https:\/\/lafeevapeur.com\/index.php\/mentions-legales\/#breadcrumb"},"inLanguage":"fr-FR","potentialAction":[{"@type":"ReadAction","target":["https:\/\/lafeevapeur.com\/index.php\/mentions-legales\/"]}]},{"@type":"BreadcrumbList","@id":"https:\/\/lafeevapeur.com\/index.php\/mentions-legales\/#breadcrumb","itemListElement":[{"@type":"ListItem","position":1,"name":"Accueil","item":"https:\/\/lafeevapeur.com\/"},{"@type":"ListItem","position":2,"name":"Mentions l\u00e9gales"}]},{"@type":"WebSite","@id":"https:\/\/lafeevapeur.com\/#website","url":"https:\/\/lafeevapeur.com\/","name":"La F\u00e9e Vapeur","description":"La Fee Vapeur | Aide \u00e0 la personne &amp; nettoyage vapeur","publisher":{"@id":"https:\/\/lafeevapeur.com\/#organization"},"potentialAction":[{"@type":"SearchAction","target":{"@type":"EntryPoint","urlTemplate":"https:\/\/lafeevapeur.com\/?s={search_term_string}"},"query-input":{"@type":"PropertyValueSpecification","valueRequired":true,"valueName":"search_term_string"}}],"inLanguage":"fr-FR"},{"@type":"Organization","@id":"https:\/\/lafeevapeur.com\/#organization","name":"La F\u00e9e Vapeur","url":"https:\/\/lafeevapeur.com\/","logo":{"@type":"ImageObject","inLanguage":"fr-FR","@id":"https:\/\/lafeevapeur.com\/#\/schema\/logo\/image\/","url":"https:\/\/lafeevapeur.com\/wp-content\/uploads\/2024\/04\/La-Fee-Vapeur-500-500.jpg","contentUrl":"https:\/\/lafeevapeur.com\/wp-content\/uploads\/2024\/04\/La-Fee-Vapeur-500-500.jpg","width":500,"height":500,"caption":"La F\u00e9e Vapeur"},"image":{"@id":"https:\/\/lafeevapeur.com\/#\/schema\/logo\/image\/"}}]}},"_links":{"self":[{"href":"https:\/\/lafeevapeur.com\/index.php\/wp-json\/wp\/v2\/pages\/4483","targetHints":{"allow":["GET"]}}],"collection":[{"href":"https:\/\/lafeevapeur.com\/index.php\/wp-json\/wp\/v2\/pages"}],"about":[{"href":"https:\/\/lafeevapeur.com\/index.php\/wp-json\/wp\/v2\/types\/page"}],"author":[{"embeddable":true,"href":"https:\/\/lafeevapeur.com\/index.php\/wp-json\/wp\/v2\/users\/1"}],"replies":[{"embeddable":true,"href":"https:\/\/lafeevapeur.com\/index.php\/wp-json\/wp\/v2\/comments?post=4483"}],"version-history":[{"count":10,"href":"https:\/\/lafeevapeur.com\/index.php\/wp-json\/wp\/v2\/pages\/4483\/revisions"}],"predecessor-version":[{"id":4493,"href":"https:\/\/lafeevapeur.com\/index.php\/wp-json\/wp\/v2\/pages\/4483\/revisions\/4493"}],"wp:attachment":[{"href":"https:\/\/lafeevapeur.com\/index.php\/wp-json\/wp\/v2\/media?parent=4483"}],"curies":[{"name":"wp","href":"https:\/\/api.w.org\/{rel}","templated":true}]}}