{"id":4494,"date":"2024-05-27T20:39:39","date_gmt":"2024-05-27T18:39:39","guid":{"rendered":"https:\/\/lafeevapeur.com\/?page_id=4494"},"modified":"2024-05-28T10:28:59","modified_gmt":"2024-05-28T08:28:59","slug":"conditions-generales-dutilisation","status":"publish","type":"page","link":"https:\/\/lafeevapeur.com\/index.php\/conditions-generales-dutilisation\/","title":{"rendered":"CGU"},"content":{"rendered":"\t\t<div data-elementor-type=\"wp-page\" data-elementor-id=\"4494\" class=\"elementor elementor-4494\">\n\t\t\t\t<div class=\"elementor-element elementor-element-e09c833 e-flex e-con-boxed e-con e-parent\" data-id=\"e09c833\" data-element_type=\"container\">\n\t\t\t\t\t<div class=\"e-con-inner\">\n\t\t<div class=\"elementor-element elementor-element-712cce8 e-flex e-con-boxed e-con e-child\" data-id=\"712cce8\" data-element_type=\"container\" data-settings=\"{&quot;background_background&quot;:&quot;gradient&quot;}\">\n\t\t\t\t\t<div class=\"e-con-inner\">\n\t\t<div class=\"elementor-element elementor-element-bc47835 e-con-full e-flex e-con e-child\" data-id=\"bc47835\" data-element_type=\"container\" data-settings=\"{&quot;background_background&quot;:&quot;classic&quot;}\">\n\t\t\t\t<div class=\"elementor-element elementor-element-74ac8f4 elementor-widget__width-initial elementor-widget elementor-widget-text-editor\" data-id=\"74ac8f4\" data-element_type=\"widget\" data-widget_type=\"text-editor.default\">\n\t\t\t\t<div class=\"elementor-widget-container\">\n\t\t\t<style>\/*! elementor - v3.21.0 - 26-05-2024 *\/\n.elementor-widget-text-editor.elementor-drop-cap-view-stacked .elementor-drop-cap{background-color:#69727d;color:#fff}.elementor-widget-text-editor.elementor-drop-cap-view-framed .elementor-drop-cap{color:#69727d;border:3px solid;background-color:transparent}.elementor-widget-text-editor:not(.elementor-drop-cap-view-default) .elementor-drop-cap{margin-top:8px}.elementor-widget-text-editor:not(.elementor-drop-cap-view-default) .elementor-drop-cap-letter{width:1em;height:1em}.elementor-widget-text-editor .elementor-drop-cap{float:left;text-align:center;line-height:1;font-size:50px}.elementor-widget-text-editor .elementor-drop-cap-letter{display:inline-block}<\/style>\t\t\t\t<p>Aspirer les acariens d\u2019un matelas dont vous ne souhaitez pas encore vous s\u00e9parer, avoir recours \u00e0 un produit agressif pour enlever des taches sur votre tout nouveau canap\u00e9, attendre des jours que le tapis que vous avez nettoy\u00e9 \u00e0 grande eau soit sec, brosser un lino jusqu\u2019\u00e0 l\u2019\u00e9puisement pour un r\u00e9sultat m\u00e9diocre, frotter vos peintes, cadres de portes ou de fen\u00eatres avec une brosse \u00e0 dent et de la chimie, penser devoir vous s\u00e9parer d\u2019un matelas, d\u2019un canap\u00e9, d\u2019un fauteuil ou d\u2019une chaise ador\u00e9e parce qu&rsquo;ils ne sont plus de premi\u00e8re jeunesse, tout cela en \u00e9ternuant ou en se frottant les yeux\u2026 vous connaissez ?<\/p><p>La F\u00e9e Vapeur vous propose un traitement bien plus doux, \u00e9cologique et efficace : le nettoyage en profondeur \u00e0 la vapeur s\u00e8che. Chauff\u00e9e \u00e0 haute temp\u00e9rature, ses microgouttes d\u2019eau p\u00e9n\u00e8tre dans les profondeurs des tissus des tapis, des mousses des canap\u00e9s, des fibres des matelas, le garnissage de vos couettes, oreillers, coussins, des sommiers capitonn\u00e9s avant d\u2019\u00eatre aspir\u00e9es sans les endommager. La vapeur s\u00e8che d\u00e9colle ainsi toutes les poussi\u00e8res et les acariens gr\u00e2ce \u00e0 un nettoyeur injecteur\/extracteur professionnel haute performance utilis\u00e9 selon un protocole d\u2019intervention rigoureux.<\/p><p><!-- notionvc: d068dc4c-cf5c-4659-a7fc-e049d63b7cb6 --><\/p><p>R\u00e9sultat : vos supports sont d\u00e9sodoris\u00e9s, lib\u00e9r\u00e9s des allerg\u00e8nes et en plus, vous prolongez leur dur\u00e9e d\u2019utilisation ! Il n\u2019y pas de meilleur m\u00e9thode pour assainir une habitation !<\/p>\t\t\t\t\t\t<\/div>\n\t\t\t\t<\/div>\n\t\t\t\t<div class=\"elementor-element elementor-element-1325d45 subtitle-position-above elementor-align-left elementor-widget__width-initial elementor-mobile-align-center elementor-widget elementor-widget-flasaphic-heading\" data-id=\"1325d45\" data-element_type=\"widget\" data-widget_type=\"flasaphic-heading.default\">\n\t\t\t\t<div class=\"elementor-widget-container\">\n\t\t\t<div class=\"elementor-heading-wrapper-inner\"><div class=\"elementor-sub-title\">Derni\u00e8re mise \u00e0 jour : 22\/05\/2024<\/div><\/div>\t\t<\/div>\n\t\t\t\t<\/div>\n\t\t\t\t<div class=\"elementor-element elementor-element-cec2aca elementor-widget elementor-widget-text-editor\" data-id=\"cec2aca\" data-element_type=\"widget\" data-widget_type=\"text-editor.default\">\n\t\t\t\t<div class=\"elementor-widget-container\">\n\t\t\t\t\t\t\t<p>Bienvenue sur le site <a href=\"https:\/\/lafeevapeur.com\/\">www.lafeevapeur.com<\/a>. En utilisant ce site, vous acceptez de vous conformer aux pr\u00e9sentes Conditions G\u00e9n\u00e9rales d&rsquo;Utilisation (CGU). Veuillez les lire attentivement avant de naviguer sur notre site.<\/p><h4>1. Acceptation des Conditions G\u00e9n\u00e9rales d&rsquo;Utilisation<\/h4><p>L&rsquo;acc\u00e8s et l&rsquo;utilisation du site <a href=\"https:\/\/lafeevapeur.com\/\">www.lafeevapeur.com<\/a> sont soumis aux pr\u00e9sentes CGU, ainsi qu&rsquo;\u00e0 toutes les lois et r\u00e9glementations applicables. En acc\u00e9dant et en utilisant le site, vous acceptez, sans limitation ni r\u00e9serve, ces conditions.<\/p><h4>2. Utilisation du site<\/h4><p>Vous vous engagez \u00e0 utiliser le site uniquement \u00e0 des fins l\u00e9gales et conform\u00e9ment aux CGU. Vous vous engagez \u00e0 ne pas utiliser le site pour :<\/p><p>Transmettre tout contenu ill\u00e9gal, nuisible, mena\u00e7ant, abusif, harcelant, diffamatoire, vulgaire, obsc\u00e8ne, ou autrement r\u00e9pr\u00e9hensible.<\/p><p>Transmettre tout contenu qui pourrait constituer un d\u00e9lit, engager la responsabilit\u00e9 civile, ou violer toute loi locale, nationale ou internationale applicable.<\/p><p>Transmettre tout contenu qui pourrait violer les droits de propri\u00e9t\u00e9 intellectuelle de toute partie.<\/p><h4>3. Inscription et compte utilisateur<\/h4><p>Certaines parties du site peuvent n\u00e9cessiter une inscription et la cr\u00e9ation d&rsquo;un compte utilisateur. Vous \u00eates responsable de la confidentialit\u00e9 de votre identifiant et de votre mot de passe, ainsi que de toutes les activit\u00e9s effectu\u00e9es sous votre compte. Vous acceptez de notifier imm\u00e9diatement <a href=\"https:\/\/lafeevapeur.com\/\">www.lafeevapeur.com<\/a> de toute utilisation non autoris\u00e9e de votre compte ou de toute autre violation de s\u00e9curit\u00e9.<\/p><h4>4. Propri\u00e9t\u00e9 intellectuelle<\/h4><p>Tous les contenus pr\u00e9sents sur le site, y compris, mais sans s&rsquo;y limiter, les textes, graphiques, logos, images, vid\u00e9os, et logiciels, sont la propri\u00e9t\u00e9 de <a href=\"https:\/\/lafeevapeur.com\/\">www.lafeevapeur.com<\/a> ou de ses partenaires et sont prot\u00e9g\u00e9s par les lois relatives \u00e0 la propri\u00e9t\u00e9 intellectuelle. Toute reproduction, distribution, modification, ou utilisation de ces contenus sans autorisation \u00e9crite pr\u00e9alable est strictement interdite.<\/p><h4>5. Limitation de responsabilit\u00e9<\/h4><p><a href=\"https:\/\/lafeevapeur.com\/\">www.lafeevapeur.com<\/a> ne saurait \u00eatre tenu responsable des dommages directs ou indirects, mat\u00e9riels ou immat\u00e9riels, r\u00e9sultant de l&rsquo;acc\u00e8s ou de l&rsquo;utilisation du site, y compris, mais sans s&rsquo;y limiter, toute perte de donn\u00e9es ou de profits r\u00e9sultant de l&rsquo;utilisation ou de l&rsquo;incapacit\u00e9 \u00e0 utiliser les services du site.<\/p><h4>6. Liens hypertextes<\/h4><p>Le site peut contenir des liens vers d&rsquo;autres sites internet qui ne sont pas sous le contr\u00f4le de <a href=\"https:\/\/lafeevapeur.com\/\">www.lafeevapeur.com<\/a>. <a href=\"https:\/\/lafeevapeur.com\/\">www.lafeevapeur.com<\/a> n&rsquo;est pas responsable du contenu de ces sites et ne garantit pas leur exactitude ou leur s\u00e9curit\u00e9. L&rsquo;inclusion de ces liens n&rsquo;implique pas l&rsquo;approbation par <a href=\"https:\/\/lafeevapeur.com\/\">www.lafeevapeur.com<\/a> des sites li\u00e9s.<\/p><h4>7. Modification des Conditions G\u00e9n\u00e9rales d&rsquo;Utilisation<\/h4><p><a href=\"https:\/\/lafeevapeur.com\/\">www.lafeevapeur.com<\/a> se r\u00e9serve le droit de modifier les pr\u00e9sentes CGU \u00e0 tout moment. Les modifications entreront en vigueur d\u00e8s leur publication sur le site. Il vous incombe de v\u00e9rifier r\u00e9guli\u00e8rement les CGU pour prendre connaissance des modifications \u00e9ventuelles. Votre utilisation continue du site apr\u00e8s toute modification constitue votre acceptation des nouvelles CGU.<\/p><h4>8. Droit applicable et juridiction<\/h4><p>Les pr\u00e9sentes CGU sont r\u00e9gies par les lois en vigueur dans le pays o\u00f9 est situ\u00e9 le si\u00e8ge social de <a href=\"https:\/\/lafeevapeur.com\/\">www.lafeevapeur.com<\/a>. Tout litige relatif \u00e0 l&rsquo;utilisation du site sera soumis \u00e0 la juridiction exclusive des tribunaux comp\u00e9tents du m\u00eame pays.<\/p><h4>9. Contact<\/h4><p>Pour toute question concernant les pr\u00e9sentes CGU, veuillez contacter <a href=\"https:\/\/lafeevapeur.com\/\">www.lafeevapeur.com<\/a> \u00e0 l&rsquo;adresse suivante : <a href=\"mailto:c.massing@lafeevapeur.com\">c.massing[@]lafeevapeur.com<\/a> .<\/p>\t\t\t\t\t\t<\/div>\n\t\t\t\t<\/div>\n\t\t\t\t<\/div>\n\t\t\t\t\t<\/div>\n\t\t\t\t<\/div>\n\t\t\t\t\t<\/div>\n\t\t\t\t<\/div>\n\t\t\t\t<\/div>\n\t\t","protected":false},"excerpt":{"rendered":"<p>Aspirer les acariens d\u2019un matelas dont vous ne souhaitez pas encore vous s\u00e9parer, avoir recours \u00e0 un produit agressif pour enlever des taches sur votre tout nouveau canap\u00e9, attendre des jours que le tapis que vous avez nettoy\u00e9 \u00e0 grande eau soit sec, brosser un lino jusqu\u2019\u00e0 l\u2019\u00e9puisement pour un r\u00e9sultat m\u00e9diocre, frotter vos peintes, [&hellip;]<\/p>\n","protected":false},"author":1,"featured_media":0,"parent":0,"menu_order":0,"comment_status":"closed","ping_status":"closed","template":"","meta":{"inline_featured_image":false,"footnotes":""},"class_list":["post-4494","page","type-page","status-publish","hentry"],"yoast_head":"<!-- This site is optimized with the Yoast SEO plugin v27.2 - https:\/\/yoast.com\/product\/yoast-seo-wordpress\/ -->\n<title>CGU - La F\u00e9e Vapeur<\/title>\n<meta name=\"robots\" content=\"index, follow, max-snippet:-1, max-image-preview:large, max-video-preview:-1\" \/>\n<link rel=\"canonical\" href=\"https:\/\/lafeevapeur.com\/index.php\/conditions-generales-dutilisation\/\" \/>\n<meta property=\"og:locale\" content=\"fr_FR\" \/>\n<meta property=\"og:type\" content=\"article\" \/>\n<meta property=\"og:title\" content=\"CGU - La F\u00e9e Vapeur\" \/>\n<meta property=\"og:description\" content=\"Aspirer les acariens d\u2019un matelas dont vous ne souhaitez pas encore vous s\u00e9parer, avoir recours \u00e0 un produit agressif pour enlever des taches sur votre tout nouveau canap\u00e9, attendre des jours que le tapis que vous avez nettoy\u00e9 \u00e0 grande eau soit sec, brosser un lino jusqu\u2019\u00e0 l\u2019\u00e9puisement pour un r\u00e9sultat m\u00e9diocre, frotter vos peintes, [&hellip;]\" \/>\n<meta property=\"og:url\" content=\"https:\/\/lafeevapeur.com\/index.php\/conditions-generales-dutilisation\/\" \/>\n<meta property=\"og:site_name\" content=\"La F\u00e9e Vapeur\" \/>\n<meta property=\"article:modified_time\" content=\"2024-05-28T08:28:59+00:00\" \/>\n<meta property=\"og:image\" content=\"https:\/\/lafeevapeur.com\/wp-content\/uploads\/2024\/04\/La-Fee-Vapeur-1200-675.jpg\" \/>\n\t<meta property=\"og:image:width\" content=\"1200\" \/>\n\t<meta property=\"og:image:height\" content=\"675\" \/>\n\t<meta property=\"og:image:type\" content=\"image\/jpeg\" \/>\n<meta name=\"twitter:card\" content=\"summary_large_image\" \/>\n<meta name=\"twitter:label1\" content=\"Dur\u00e9e de lecture estim\u00e9e\" \/>\n\t<meta name=\"twitter:data1\" content=\"4 minutes\" \/>\n<script type=\"application\/ld+json\" class=\"yoast-schema-graph\">{\"@context\":\"https:\/\/schema.org\",\"@graph\":[{\"@type\":\"WebPage\",\"@id\":\"https:\/\/lafeevapeur.com\/index.php\/conditions-generales-dutilisation\/\",\"url\":\"https:\/\/lafeevapeur.com\/index.php\/conditions-generales-dutilisation\/\",\"name\":\"CGU - La F\u00e9e Vapeur\",\"isPartOf\":{\"@id\":\"https:\/\/lafeevapeur.com\/#website\"},\"datePublished\":\"2024-05-27T18:39:39+00:00\",\"dateModified\":\"2024-05-28T08:28:59+00:00\",\"breadcrumb\":{\"@id\":\"https:\/\/lafeevapeur.com\/index.php\/conditions-generales-dutilisation\/#breadcrumb\"},\"inLanguage\":\"fr-FR\",\"potentialAction\":[{\"@type\":\"ReadAction\",\"target\":[\"https:\/\/lafeevapeur.com\/index.php\/conditions-generales-dutilisation\/\"]}]},{\"@type\":\"BreadcrumbList\",\"@id\":\"https:\/\/lafeevapeur.com\/index.php\/conditions-generales-dutilisation\/#breadcrumb\",\"itemListElement\":[{\"@type\":\"ListItem\",\"position\":1,\"name\":\"Accueil\",\"item\":\"https:\/\/lafeevapeur.com\/\"},{\"@type\":\"ListItem\",\"position\":2,\"name\":\"CGU\"}]},{\"@type\":\"WebSite\",\"@id\":\"https:\/\/lafeevapeur.com\/#website\",\"url\":\"https:\/\/lafeevapeur.com\/\",\"name\":\"La F\u00e9e Vapeur\",\"description\":\"La Fee Vapeur | Aide \u00e0 la personne &amp; nettoyage vapeur\",\"publisher\":{\"@id\":\"https:\/\/lafeevapeur.com\/#organization\"},\"potentialAction\":[{\"@type\":\"SearchAction\",\"target\":{\"@type\":\"EntryPoint\",\"urlTemplate\":\"https:\/\/lafeevapeur.com\/?s={search_term_string}\"},\"query-input\":{\"@type\":\"PropertyValueSpecification\",\"valueRequired\":true,\"valueName\":\"search_term_string\"}}],\"inLanguage\":\"fr-FR\"},{\"@type\":\"Organization\",\"@id\":\"https:\/\/lafeevapeur.com\/#organization\",\"name\":\"La F\u00e9e Vapeur\",\"url\":\"https:\/\/lafeevapeur.com\/\",\"logo\":{\"@type\":\"ImageObject\",\"inLanguage\":\"fr-FR\",\"@id\":\"https:\/\/lafeevapeur.com\/#\/schema\/logo\/image\/\",\"url\":\"https:\/\/lafeevapeur.com\/wp-content\/uploads\/2024\/04\/La-Fee-Vapeur-500-500.jpg\",\"contentUrl\":\"https:\/\/lafeevapeur.com\/wp-content\/uploads\/2024\/04\/La-Fee-Vapeur-500-500.jpg\",\"width\":500,\"height\":500,\"caption\":\"La F\u00e9e Vapeur\"},\"image\":{\"@id\":\"https:\/\/lafeevapeur.com\/#\/schema\/logo\/image\/\"}}]}<\/script>\n<!-- \/ Yoast SEO plugin. -->","yoast_head_json":{"title":"CGU - La F\u00e9e Vapeur","robots":{"index":"index","follow":"follow","max-snippet":"max-snippet:-1","max-image-preview":"max-image-preview:large","max-video-preview":"max-video-preview:-1"},"canonical":"https:\/\/lafeevapeur.com\/index.php\/conditions-generales-dutilisation\/","og_locale":"fr_FR","og_type":"article","og_title":"CGU - La F\u00e9e Vapeur","og_description":"Aspirer les acariens d\u2019un matelas dont vous ne souhaitez pas encore vous s\u00e9parer, avoir recours \u00e0 un produit agressif pour enlever des taches sur votre tout nouveau canap\u00e9, attendre des jours que le tapis que vous avez nettoy\u00e9 \u00e0 grande eau soit sec, brosser un lino jusqu\u2019\u00e0 l\u2019\u00e9puisement pour un r\u00e9sultat m\u00e9diocre, frotter vos peintes, [&hellip;]","og_url":"https:\/\/lafeevapeur.com\/index.php\/conditions-generales-dutilisation\/","og_site_name":"La F\u00e9e Vapeur","article_modified_time":"2024-05-28T08:28:59+00:00","og_image":[{"width":1200,"height":675,"url":"https:\/\/lafeevapeur.com\/wp-content\/uploads\/2024\/04\/La-Fee-Vapeur-1200-675.jpg","type":"image\/jpeg"}],"twitter_card":"summary_large_image","twitter_misc":{"Dur\u00e9e de lecture estim\u00e9e":"4 minutes"},"schema":{"@context":"https:\/\/schema.org","@graph":[{"@type":"WebPage","@id":"https:\/\/lafeevapeur.com\/index.php\/conditions-generales-dutilisation\/","url":"https:\/\/lafeevapeur.com\/index.php\/conditions-generales-dutilisation\/","name":"CGU - La F\u00e9e Vapeur","isPartOf":{"@id":"https:\/\/lafeevapeur.com\/#website"},"datePublished":"2024-05-27T18:39:39+00:00","dateModified":"2024-05-28T08:28:59+00:00","breadcrumb":{"@id":"https:\/\/lafeevapeur.com\/index.php\/conditions-generales-dutilisation\/#breadcrumb"},"inLanguage":"fr-FR","potentialAction":[{"@type":"ReadAction","target":["https:\/\/lafeevapeur.com\/index.php\/conditions-generales-dutilisation\/"]}]},{"@type":"BreadcrumbList","@id":"https:\/\/lafeevapeur.com\/index.php\/conditions-generales-dutilisation\/#breadcrumb","itemListElement":[{"@type":"ListItem","position":1,"name":"Accueil","item":"https:\/\/lafeevapeur.com\/"},{"@type":"ListItem","position":2,"name":"CGU"}]},{"@type":"WebSite","@id":"https:\/\/lafeevapeur.com\/#website","url":"https:\/\/lafeevapeur.com\/","name":"La F\u00e9e Vapeur","description":"La Fee Vapeur | Aide \u00e0 la personne &amp; nettoyage vapeur","publisher":{"@id":"https:\/\/lafeevapeur.com\/#organization"},"potentialAction":[{"@type":"SearchAction","target":{"@type":"EntryPoint","urlTemplate":"https:\/\/lafeevapeur.com\/?s={search_term_string}"},"query-input":{"@type":"PropertyValueSpecification","valueRequired":true,"valueName":"search_term_string"}}],"inLanguage":"fr-FR"},{"@type":"Organization","@id":"https:\/\/lafeevapeur.com\/#organization","name":"La F\u00e9e Vapeur","url":"https:\/\/lafeevapeur.com\/","logo":{"@type":"ImageObject","inLanguage":"fr-FR","@id":"https:\/\/lafeevapeur.com\/#\/schema\/logo\/image\/","url":"https:\/\/lafeevapeur.com\/wp-content\/uploads\/2024\/04\/La-Fee-Vapeur-500-500.jpg","contentUrl":"https:\/\/lafeevapeur.com\/wp-content\/uploads\/2024\/04\/La-Fee-Vapeur-500-500.jpg","width":500,"height":500,"caption":"La F\u00e9e Vapeur"},"image":{"@id":"https:\/\/lafeevapeur.com\/#\/schema\/logo\/image\/"}}]}},"_links":{"self":[{"href":"https:\/\/lafeevapeur.com\/index.php\/wp-json\/wp\/v2\/pages\/4494","targetHints":{"allow":["GET"]}}],"collection":[{"href":"https:\/\/lafeevapeur.com\/index.php\/wp-json\/wp\/v2\/pages"}],"about":[{"href":"https:\/\/lafeevapeur.com\/index.php\/wp-json\/wp\/v2\/types\/page"}],"author":[{"embeddable":true,"href":"https:\/\/lafeevapeur.com\/index.php\/wp-json\/wp\/v2\/users\/1"}],"replies":[{"embeddable":true,"href":"https:\/\/lafeevapeur.com\/index.php\/wp-json\/wp\/v2\/comments?post=4494"}],"version-history":[{"count":8,"href":"https:\/\/lafeevapeur.com\/index.php\/wp-json\/wp\/v2\/pages\/4494\/revisions"}],"predecessor-version":[{"id":4520,"href":"https:\/\/lafeevapeur.com\/index.php\/wp-json\/wp\/v2\/pages\/4494\/revisions\/4520"}],"wp:attachment":[{"href":"https:\/\/lafeevapeur.com\/index.php\/wp-json\/wp\/v2\/media?parent=4494"}],"curies":[{"name":"wp","href":"https:\/\/api.w.org\/{rel}","templated":true}]}}